{"id":11812,"date":"2023-04-20T17:53:54","date_gmt":"2023-04-21T00:53:54","guid":{"rendered":"https:\/\/gcskin.com\/tarjetas-regalo-gc-skin-medspa\/"},"modified":"2026-02-21T07:25:53","modified_gmt":"2026-02-21T15:25:53","slug":"tarjetas-regalo-gc-skin-medspa","status":"publish","type":"page","link":"https:\/\/gcskin.com\/es\/acerca-de\/recursos\/tarjetas-regalo-gc-skin-medspa\/","title":{"rendered":"Tarjetas de regalo"},"content":{"rendered":"\t\t<div data-elementor-type=\"wp-post\" data-elementor-id=\"11812\" class=\"elementor elementor-11812 elementor-11807\" data-elementor-post-type=\"page\">\n\t\t\t\t\t\t<section class=\"elementor-section elementor-top-section elementor-element elementor-element-1af1f79 elementor-section-content-middle elementor-hidden-mobile elementor-section-boxed elementor-section-height-default elementor-section-height-default\" data-id=\"1af1f79\" data-element_type=\"section\" data-e-type=\"section\" data-settings=\"{&quot;background_background&quot;:&quot;classic&quot;}\">\n\t\t\t\t\t\t\t<div class=\"elementor-background-overlay\"><\/div>\n\t\t\t\t\t\t\t<div class=\"elementor-container elementor-column-gap-no\">\n\t\t\t\t\t<div class=\"elementor-column elementor-col-100 elementor-top-column elementor-element elementor-element-8d092b6\" data-id=\"8d092b6\" data-element_type=\"column\" data-e-type=\"column\">\n\t\t\t<div class=\"elementor-widget-wrap elementor-element-populated\">\n\t\t\t\t\t\t<div class=\"elementor-element elementor-element-2f510d4 elementor-widget elementor-widget-heading\" data-id=\"2f510d4\" data-element_type=\"widget\" data-e-type=\"widget\" data-widget_type=\"heading.default\">\n\t\t\t\t\t\t\t<h1 class=\"elementor-heading-title elementor-size-default\">Tarjetas de regalo<\/h1>\t\t\t\t<\/div>\n\t\t\t\t<div class=\"elementor-element elementor-element-ebdf12f elementor-align-center elementor-widget elementor-widget-button\" data-id=\"ebdf12f\" data-element_type=\"widget\" data-e-type=\"widget\" data-widget_type=\"button.default\">\n\t\t\t\t\t\t\t\t\t\t\t\t<a class=\"elementor-button elementor-button-link elementor-size-sm\" href=\"https:\/\/booking.gcskin.com\/online-booking\">\n\t\t\t\t\t\t<span class=\"elementor-button-content-wrapper\">\n\t\t\t\t\t\t\t\t\t<span class=\"elementor-button-text\">Reservar cita<\/span>\n\t\t\t\t\t<\/span>\n\t\t\t\t\t<\/a>\n\t\t\t\t\t\t\t\t<\/div>\n\t\t\t\t\t<\/div>\n\t\t<\/div>\n\t\t\t\t\t<\/div>\n\t\t<\/section>\n\t\t\t\t<section class=\"elementor-section elementor-top-section elementor-element elementor-element-41d2c44 elementor-section-boxed elementor-section-height-default elementor-section-height-default\" data-id=\"41d2c44\" data-element_type=\"section\" data-e-type=\"section\">\n\t\t\t\t\t\t<div class=\"elementor-container elementor-column-gap-default\">\n\t\t\t\t\t<div class=\"elementor-column elementor-col-100 elementor-top-column elementor-element elementor-element-12736d5\" data-id=\"12736d5\" data-element_type=\"column\" data-e-type=\"column\">\n\t\t\t<div class=\"elementor-widget-wrap elementor-element-populated\">\n\t\t\t\t\t\t<div class=\"elementor-element elementor-element-ed6afef elementor-align-center elementor-widget elementor-widget-breadcrumbs\" data-id=\"ed6afef\" data-element_type=\"widget\" data-e-type=\"widget\" data-widget_type=\"breadcrumbs.default\">\n\t\t\t\t\t\t\t<p id=\"breadcrumbs\"><span><span><a href=\"https:\/\/gcskin.com\/es\/gc-skin-medspa\/\">Home<\/a><\/span><\/span><\/p>\t\t\t\t<\/div>\n\t\t\t\t<div class=\"elementor-element elementor-element-e22bc32 elementor-widget elementor-widget-heading\" data-id=\"e22bc32\" data-element_type=\"widget\" data-e-type=\"widget\" data-widget_type=\"heading.default\">\n\t\t\t\t\t\t\t<h3 class=\"elementor-heading-title elementor-size-default\">Las tarjetas regalo de GC Skin Medspa son un regalo ideal para cualquier ocasi\u00f3n y est\u00e1n disponibles en cualquier cantidad de dinero.<\/h3>\t\t\t\t<\/div>\n\t\t\t\t<div class=\"elementor-element elementor-element-c81ebd6 elementor-align-center elementor-widget elementor-widget-button\" data-id=\"c81ebd6\" data-element_type=\"widget\" data-e-type=\"widget\" data-widget_type=\"button.default\">\n\t\t\t\t\t\t\t\t\t\t\t\t<a class=\"elementor-button elementor-button-link elementor-size-sm\" href=\"https:\/\/booking.gcskin.com\/online-booking\/v2\/giftcards\">\n\t\t\t\t\t\t<span class=\"elementor-button-content-wrapper\">\n\t\t\t\t\t\t<span class=\"elementor-button-icon\">\n\t\t\t\t<svg aria-hidden=\"true\" class=\"e-font-icon-svg e-fas-gift\" viewBox=\"0 0 512 512\" xmlns=\"http:\/\/www.w3.org\/2000\/svg\"><path d=\"M32 448c0 17.7 14.3 32 32 32h160V320H32v128zm256 32h160c17.7 0 32-14.3 32-32V320H288v160zm192-320h-42.1c6.2-12.1 10.1-25.5 10.1-40 0-48.5-39.5-88-88-88-41.6 0-68.5 21.3-103 68.3-34.5-47-61.4-68.3-103-68.3-48.5 0-88 39.5-88 88 0 14.5 3.8 27.9 10.1 40H32c-17.7 0-32 14.3-32 32v80c0 8.8 7.2 16 16 16h480c8.8 0 16-7.2 16-16v-80c0-17.7-14.3-32-32-32zm-326.1 0c-22.1 0-40-17.9-40-40s17.9-40 40-40c19.9 0 34.6 3.3 86.1 80h-86.1zm206.1 0h-86.1c51.4-76.5 65.7-80 86.1-80 22.1 0 40 17.9 40 40s-17.9 40-40 40z\"><\/path><\/svg>\t\t\t<\/span>\n\t\t\t\t\t\t\t\t\t<span class=\"elementor-button-text\">Comprar tarjeta regalo<\/span>\n\t\t\t\t\t<\/span>\n\t\t\t\t\t<\/a>\n\t\t\t\t\t\t\t\t<\/div>\n\t\t\t\t<div class=\"elementor-element elementor-element-434c100 elementor-widget elementor-widget-image\" data-id=\"434c100\" data-element_type=\"widget\" data-e-type=\"widget\" data-widget_type=\"image.default\">\n\t\t\t\t\t\t\t\t\t\t\t\t\t\t\t\t\t\t<a href=\"https:\/\/booking.gcskin.com\/online-booking\/v2\/giftcards\">\n\t\t\t\t\t\t\t<img fetchpriority=\"high\" decoding=\"async\" width=\"768\" height=\"593\" src=\"https:\/\/gcskin.com\/wp-content\/uploads\/2026\/01\/Black-Red-Bow-Premium-Gift-Certificate-768x593.png\" class=\"attachment-medium_large size-medium_large wp-image-15504\" alt=\"Tarjeta regalo GC Skin Medspa\" srcset=\"https:\/\/gcskin.com\/wp-content\/uploads\/2026\/01\/Black-Red-Bow-Premium-Gift-Certificate-768x593.png 768w, https:\/\/gcskin.com\/wp-content\/uploads\/2026\/01\/Black-Red-Bow-Premium-Gift-Certificate-300x232.png 300w, https:\/\/gcskin.com\/wp-content\/uploads\/2026\/01\/Black-Red-Bow-Premium-Gift-Certificate-1024x791.png 1024w, https:\/\/gcskin.com\/wp-content\/uploads\/2026\/01\/Black-Red-Bow-Premium-Gift-Certificate-1536x1187.png 1536w, https:\/\/gcskin.com\/wp-content\/uploads\/2026\/01\/Black-Red-Bow-Premium-Gift-Certificate.png 1650w\" sizes=\"(max-width: 768px) 100vw, 768px\" \/>\t\t\t\t\t\t\t\t<\/a>\n\t\t\t\t\t\t\t\t\t\t\t\t\t\t\t<\/div>\n\t\t\t\t<div class=\"elementor-element elementor-element-32cdddf elementor-align-center elementor-widget elementor-widget-button\" data-id=\"32cdddf\" data-element_type=\"widget\" data-e-type=\"widget\" data-widget_type=\"button.default\">\n\t\t\t\t\t\t\t\t\t\t\t\t<a class=\"elementor-button elementor-button-link elementor-size-sm\" href=\"https:\/\/booking.gcskin.com\/online-booking\/v2\/giftcards\">\n\t\t\t\t\t\t<span class=\"elementor-button-content-wrapper\">\n\t\t\t\t\t\t<span class=\"elementor-button-icon\">\n\t\t\t\t<svg aria-hidden=\"true\" class=\"e-font-icon-svg e-fas-gift\" viewBox=\"0 0 512 512\" xmlns=\"http:\/\/www.w3.org\/2000\/svg\"><path d=\"M32 448c0 17.7 14.3 32 32 32h160V320H32v128zm256 32h160c17.7 0 32-14.3 32-32V320H288v160zm192-320h-42.1c6.2-12.1 10.1-25.5 10.1-40 0-48.5-39.5-88-88-88-41.6 0-68.5 21.3-103 68.3-34.5-47-61.4-68.3-103-68.3-48.5 0-88 39.5-88 88 0 14.5 3.8 27.9 10.1 40H32c-17.7 0-32 14.3-32 32v80c0 8.8 7.2 16 16 16h480c8.8 0 16-7.2 16-16v-80c0-17.7-14.3-32-32-32zm-326.1 0c-22.1 0-40-17.9-40-40s17.9-40 40-40c19.9 0 34.6 3.3 86.1 80h-86.1zm206.1 0h-86.1c51.4-76.5 65.7-80 86.1-80 22.1 0 40 17.9 40 40s-17.9 40-40 40z\"><\/path><\/svg>\t\t\t<\/span>\n\t\t\t\t\t\t\t\t\t<span class=\"elementor-button-text\">Comprar tarjeta regalo<\/span>\n\t\t\t\t\t<\/span>\n\t\t\t\t\t<\/a>\n\t\t\t\t\t\t\t\t<\/div>\n\t\t\t\t<div class=\"elementor-element elementor-element-d988199 elementor-widget elementor-widget-text-editor\" data-id=\"d988199\" data-element_type=\"widget\" data-e-type=\"widget\" data-widget_type=\"text-editor.default\">\n\t\t\t\t\t\t\t\t\t\t\t<div style=\"text-align: center;\" data-pm-slice=\"1 1 []\" data-en-clipboard=\"true\"><strong>\u00bfC\u00f3mo se entregan las tarjetas regalo?<\/strong><\/div><div style=\"text-align: center;\">Las tarjetas regalo se env\u00edan por correo electr\u00f3nico y contienen instrucciones para canjearlas en la caja.  <\/div><div style=\"text-align: center;\"> <\/div><div style=\"text-align: center;\"><strong>\u00bfSe pueden utilizar las tarjetas regalo para tratamientos?<\/strong><\/div><div style=\"text-align: center;\">\u00a1S\u00ed! Su tarjeta regalo puede canjearse por todos los servicios prestados en GC Skin.<\/div><div style=\"text-align: center;\"> <\/div><div style=\"text-align: center;\"><strong>\u00bfHay gastos adicionales por comprar o utilizar una tarjeta regalo?  <\/strong><\/div><div style=\"text-align: center;\">Nuestras tarjetas regalo no tienen gastos de tramitaci\u00f3n adicionales. Su regalo completo ir\u00e1 directamente a su destinatario.<\/div>\t\t\t\t\t\t\t\t<\/div>\n\t\t\t\t<div class=\"elementor-element elementor-element-2066283 elementor-widget elementor-widget-heading\" data-id=\"2066283\" data-element_type=\"widget\" data-e-type=\"widget\" data-widget_type=\"heading.default\">\n\t\t\t\t\t\t\t<h3 class=\"elementor-heading-title elementor-size-default\">\u00bfTiene m\u00e1s preguntas? Tenemos respuestas. P\u00f3ngase en contacto con nosotros llamando al (818) 458-9556.<\/h3>\t\t\t\t<\/div>\n\t\t\t\t<div class=\"elementor-element elementor-element-c4e7b14 elementor-cta--skin-classic elementor-animated-content elementor-bg-transform elementor-bg-transform-zoom-in elementor-widget elementor-widget-call-to-action\" data-id=\"c4e7b14\" data-element_type=\"widget\" data-e-type=\"widget\" data-widget_type=\"call-to-action.default\">\n\t\t\t\t\t\t\t\t\t<a class=\"elementor-cta\" href=\"https:\/\/booking.gcskin.com\/online-booking\/v2\/giftcards\">\n\t\t\t\t\t\t\t<div class=\"elementor-cta__content\">\n\t\t\t\t\n\t\t\t\t\n\t\t\t\t\t\t\t\t\t<div class=\"elementor-cta__description elementor-cta__content-item elementor-content-item\">\n\t\t\t\t\t\tLas tarjetas regalo pueden adquirirse en la oficina o por Internet. Las tarjetas regalo son transferibles pero no reembolsables. Las tarjetas regalo se pueden canjear por cualquier servicio, pero no se pueden a\u00f1adir propinas a la tarjeta. GC Skin Medspa no se hace responsable de la p\u00e9rdida o robo de tarjetas regalo.\t\t\t\t\t<\/div>\n\t\t\t\t\n\t\t\t\t\t\t\t\t\t<div class=\"elementor-cta__button-wrapper elementor-cta__content-item elementor-content-item \">\n\t\t\t\t\t<span class=\"elementor-cta__button elementor-button elementor-size-\">\n\t\t\t\t\t\tComprar tarjeta regalo\t\t\t\t\t<\/span>\n\t\t\t\t\t<\/div>\n\t\t\t\t\t\t\t<\/div>\n\t\t\t\t\t\t<\/a>\n\t\t\t\t\t\t<\/div>\n\t\t\t\t\t<\/div>\n\t\t<\/div>\n\t\t\t\t\t<\/div>\n\t\t<\/section>\n\t\t\t\t<\/div>\n\t\t","protected":false},"excerpt":{"rendered":"<p>Tarjetas de regalo Reservar cita Las tarjetas regalo de GC Skin Medspa son un regalo ideal para cualquier ocasi\u00f3n y est\u00e1n disponibles en cualquier cantidad de dinero. Comprar tarjeta regalo Comprar tarjeta regalo \u00bfC\u00f3mo se entregan las tarjetas regalo?Las tarjetas regalo se env\u00edan por correo electr\u00f3nico y contienen instrucciones para canjearlas en la caja. \u00bfSe [&hellip;]<\/p>\n","protected":false},"author":8779,"featured_media":7059,"parent":7153,"menu_order":0,"comment_status":"closed","ping_status":"closed","template":"","meta":{"site-sidebar-layout":"no-sidebar","site-content-layout":null,"ast-site-content-layout":"full-width-container","site-content-style":"unboxed","site-sidebar-style":"unboxed","ast-global-header-display":"","ast-banner-title-visibility":"","ast-main-header-display":"","ast-hfb-above-header-display":"","ast-hfb-below-header-display":null,"ast-hfb-mobile-header-display":"","site-post-title":"disabled","ast-breadcrumbs-content":null,"ast-featured-img":"disabled","footer-sml-layout":"","ast-disable-related-posts":"","theme-transparent-header-meta":"enabled","adv-header-id-meta":"","stick-header-meta":"","header-above-stick-meta":"","header-main-stick-meta":"","header-below-stick-meta":null,"astra-migrate-meta-layouts":"default","ast-page-background-enabled":"default","ast-page-background-meta":{"desktop":{"background-color":"","background-image":"","background-repeat":"repeat","background-position":"center center","background-size":"auto","background-attachment":"scroll","background-type":"","background-media":"","overlay-type":"","overlay-color":"","overlay-opacity":"","overlay-gradient":""},"tablet":{"background-color":"","background-image":"","background-repeat":"repeat","background-position":"center center","background-size":"auto","background-attachment":"scroll","background-type":"","background-media":"","overlay-type":"","overlay-color":"","overlay-opacity":"","overlay-gradient":""},"mobile":{"background-color":"","background-image":"","background-repeat":"repeat","background-position":"center center","background-size":"auto","background-attachment":"scroll","background-type":"","background-media":"","overlay-type":"","overlay-color":"","overlay-opacity":"","overlay-gradient":""}},"ast-content-background-meta":{"desktop":{"background-color":"var(--ast-global-color-5)","background-image":"","background-repeat":"repeat","background-position":"center center","background-size":"auto","background-attachment":"scroll","background-type":"","background-media":"","overlay-type":"","overlay-color":"","overlay-opacity":"","overlay-gradient":""},"tablet":{"background-color":"var(--ast-global-color-5)","background-image":"","background-repeat":"repeat","background-position":"center center","background-size":"auto","background-attachment":"scroll","background-type":"","background-media":"","overlay-type":"","overlay-color":"","overlay-opacity":"","overlay-gradient":""},"mobile":{"background-color":"var(--ast-global-color-5)","background-image":"","background-repeat":"repeat","background-position":"center center","background-size":"auto","background-attachment":"scroll","background-type":"","background-media":"","overlay-type":"","overlay-color":"","overlay-opacity":"","overlay-gradient":""}},"footnotes":""},"class_list":["post-11812","page","type-page","status-publish","has-post-thumbnail","hentry"],"yoast_head":"<!-- This site is optimized with the Yoast SEO Premium plugin v27.3 (Yoast SEO v27.3) - https:\/\/yoast.com\/product\/yoast-seo-premium-wordpress\/ -->\n<title>Tarjetas de regalo - GC Skin Medspa<\/title>\n<meta name=\"description\" content=\"GC Skin Medspa tarjetas de regalo cerca de Sherman Oaks hacer un regalo ideal para cualquier ocasi\u00f3n y est\u00e1n disponibles en cualquier cantidad de d\u00f3lares. Llame al (818) 458-9556.\" \/>\n<meta name=\"robots\" content=\"index, follow, max-snippet:-1, max-image-preview:large, max-video-preview:-1\" \/>\n<link rel=\"canonical\" href=\"https:\/\/gcskin.com\/es\/acerca-de\/recursos\/tarjetas-regalo-gc-skin-medspa\/\" \/>\n<meta property=\"og:locale\" content=\"es_ES\" \/>\n<meta property=\"og:type\" content=\"article\" \/>\n<meta property=\"og:title\" content=\"Tarjetas de regalo\" \/>\n<meta property=\"og:description\" content=\"GC Skin Medspa tarjetas de regalo cerca de Sherman Oaks hacer un regalo ideal para cualquier ocasi\u00f3n y est\u00e1n disponibles en cualquier cantidad de d\u00f3lares. Llame al (818) 458-9556.\" \/>\n<meta property=\"og:url\" content=\"https:\/\/gcskin.com\/es\/acerca-de\/recursos\/tarjetas-regalo-gc-skin-medspa\/\" \/>\n<meta property=\"og:site_name\" content=\"GC Skin Medspa\" \/>\n<meta property=\"article:publisher\" content=\"https:\/\/www.facebook.com\/gcskin\" \/>\n<meta property=\"article:modified_time\" content=\"2026-02-21T15:25:53+00:00\" \/>\n<meta property=\"og:image\" content=\"https:\/\/gcskin.com\/wp-content\/uploads\/2023\/01\/GCSkin-Medspa-Members.png\" \/>\n\t<meta property=\"og:image:width\" content=\"600\" \/>\n\t<meta property=\"og:image:height\" content=\"650\" \/>\n\t<meta property=\"og:image:type\" content=\"image\/png\" \/>\n<meta name=\"twitter:card\" content=\"summary_large_image\" \/>\n<meta name=\"twitter:label1\" content=\"Tiempo de lectura\" \/>\n\t<meta name=\"twitter:data1\" content=\"1 minuto\" \/>\n<script type=\"application\/ld+json\" class=\"yoast-schema-graph\">{\"@context\":\"https:\\\/\\\/schema.org\",\"@graph\":[{\"@type\":\"WebPage\",\"@id\":\"https:\\\/\\\/gcskin.com\\\/es\\\/acerca-de\\\/recursos\\\/tarjetas-regalo-gc-skin-medspa\\\/\",\"url\":\"https:\\\/\\\/gcskin.com\\\/es\\\/acerca-de\\\/recursos\\\/tarjetas-regalo-gc-skin-medspa\\\/\",\"name\":\"Tarjetas de regalo - GC Skin Medspa\",\"isPartOf\":{\"@id\":\"https:\\\/\\\/gcskin.com\\\/es\\\/#website\"},\"primaryImageOfPage\":{\"@id\":\"https:\\\/\\\/gcskin.com\\\/es\\\/acerca-de\\\/recursos\\\/tarjetas-regalo-gc-skin-medspa\\\/#primaryimage\"},\"image\":{\"@id\":\"https:\\\/\\\/gcskin.com\\\/es\\\/acerca-de\\\/recursos\\\/tarjetas-regalo-gc-skin-medspa\\\/#primaryimage\"},\"thumbnailUrl\":\"https:\\\/\\\/gcskin.com\\\/wp-content\\\/uploads\\\/2023\\\/01\\\/GCSkin-Medspa-Members.png\",\"datePublished\":\"2023-04-21T00:53:54+00:00\",\"dateModified\":\"2026-02-21T15:25:53+00:00\",\"description\":\"GC Skin Medspa tarjetas de regalo cerca de Sherman Oaks hacer un regalo ideal para cualquier ocasi\u00f3n y est\u00e1n disponibles en cualquier cantidad de d\u00f3lares. Llame al (818) 458-9556.\",\"breadcrumb\":{\"@id\":\"https:\\\/\\\/gcskin.com\\\/es\\\/acerca-de\\\/recursos\\\/tarjetas-regalo-gc-skin-medspa\\\/#breadcrumb\"},\"inLanguage\":\"es\",\"potentialAction\":[{\"@type\":\"ReadAction\",\"target\":[\"https:\\\/\\\/gcskin.com\\\/es\\\/acerca-de\\\/recursos\\\/tarjetas-regalo-gc-skin-medspa\\\/\"]}]},{\"@type\":\"ImageObject\",\"inLanguage\":\"es\",\"@id\":\"https:\\\/\\\/gcskin.com\\\/es\\\/acerca-de\\\/recursos\\\/tarjetas-regalo-gc-skin-medspa\\\/#primaryimage\",\"url\":\"https:\\\/\\\/gcskin.com\\\/wp-content\\\/uploads\\\/2023\\\/01\\\/GCSkin-Medspa-Members.png\",\"contentUrl\":\"https:\\\/\\\/gcskin.com\\\/wp-content\\\/uploads\\\/2023\\\/01\\\/GCSkin-Medspa-Members.png\",\"width\":600,\"height\":650,\"caption\":\"Afiliaci\u00f3n a GCSkin Medspa\"},{\"@type\":\"BreadcrumbList\",\"@id\":\"https:\\\/\\\/gcskin.com\\\/es\\\/acerca-de\\\/recursos\\\/tarjetas-regalo-gc-skin-medspa\\\/#breadcrumb\",\"itemListElement\":[{\"@type\":\"ListItem\",\"position\":1,\"name\":\"Home\",\"item\":\"https:\\\/\\\/gcskin.com\\\/es\\\/gc-skin-medspa\\\/\"},{\"@type\":\"ListItem\",\"position\":2,\"name\":\"Nosotros\",\"item\":\"https:\\\/\\\/gcskin.com\\\/es\\\/acerca-de\\\/\"},{\"@type\":\"ListItem\",\"position\":3,\"name\":\"Recursos\",\"item\":\"https:\\\/\\\/gcskin.com\\\/es\\\/acerca-de\\\/recursos\\\/\"},{\"@type\":\"ListItem\",\"position\":4,\"name\":\"Tarjetas de regalo\"}]},{\"@type\":\"WebSite\",\"@id\":\"https:\\\/\\\/gcskin.com\\\/es\\\/#website\",\"url\":\"https:\\\/\\\/gcskin.com\\\/es\\\/\",\"name\":\"GC Skin Medspa\",\"description\":\"Best non-invasive cosmetic procedures in Sherman Oaks California\",\"publisher\":{\"@id\":\"https:\\\/\\\/gcskin.com\\\/es\\\/#organization\"},\"potentialAction\":[{\"@type\":\"SearchAction\",\"target\":{\"@type\":\"EntryPoint\",\"urlTemplate\":\"https:\\\/\\\/gcskin.com\\\/es\\\/?s={search_term_string}\"},\"query-input\":{\"@type\":\"PropertyValueSpecification\",\"valueRequired\":true,\"valueName\":\"search_term_string\"}}],\"inLanguage\":\"es\"},{\"@type\":\"Organization\",\"@id\":\"https:\\\/\\\/gcskin.com\\\/es\\\/#organization\",\"name\":\"GC Skin\",\"url\":\"https:\\\/\\\/gcskin.com\\\/es\\\/\",\"logo\":{\"@type\":\"ImageObject\",\"inLanguage\":\"es\",\"@id\":\"https:\\\/\\\/gcskin.com\\\/es\\\/#\\\/schema\\\/logo\\\/image\\\/\",\"url\":\"https:\\\/\\\/gcskin.com\\\/wp-content\\\/uploads\\\/2022\\\/05\\\/cropped-GCSkin-Medspa-logo.png\",\"contentUrl\":\"https:\\\/\\\/gcskin.com\\\/wp-content\\\/uploads\\\/2022\\\/05\\\/cropped-GCSkin-Medspa-logo.png\",\"width\":320,\"height\":106,\"caption\":\"GC Skin\"},\"image\":{\"@id\":\"https:\\\/\\\/gcskin.com\\\/es\\\/#\\\/schema\\\/logo\\\/image\\\/\"},\"sameAs\":[\"https:\\\/\\\/www.facebook.com\\\/gcskin\",\"https:\\\/\\\/www.instagram.com\\\/gc_skin\\\/\"]}]}<\/script>\n<!-- \/ Yoast SEO Premium plugin. -->","yoast_head_json":{"title":"Tarjetas de regalo - GC Skin Medspa","description":"GC Skin Medspa tarjetas de regalo cerca de Sherman Oaks hacer un regalo ideal para cualquier ocasi\u00f3n y est\u00e1n disponibles en cualquier cantidad de d\u00f3lares. Llame al (818) 458-9556.","robots":{"index":"index","follow":"follow","max-snippet":"max-snippet:-1","max-image-preview":"max-image-preview:large","max-video-preview":"max-video-preview:-1"},"canonical":"https:\/\/gcskin.com\/es\/acerca-de\/recursos\/tarjetas-regalo-gc-skin-medspa\/","og_locale":"es_ES","og_type":"article","og_title":"Tarjetas de regalo","og_description":"GC Skin Medspa tarjetas de regalo cerca de Sherman Oaks hacer un regalo ideal para cualquier ocasi\u00f3n y est\u00e1n disponibles en cualquier cantidad de d\u00f3lares. Llame al (818) 458-9556.","og_url":"https:\/\/gcskin.com\/es\/acerca-de\/recursos\/tarjetas-regalo-gc-skin-medspa\/","og_site_name":"GC Skin Medspa","article_publisher":"https:\/\/www.facebook.com\/gcskin","article_modified_time":"2026-02-21T15:25:53+00:00","og_image":[{"width":600,"height":650,"url":"https:\/\/gcskin.com\/wp-content\/uploads\/2023\/01\/GCSkin-Medspa-Members.png","type":"image\/png"}],"twitter_card":"summary_large_image","twitter_misc":{"Tiempo de lectura":"1 minuto"},"schema":{"@context":"https:\/\/schema.org","@graph":[{"@type":"WebPage","@id":"https:\/\/gcskin.com\/es\/acerca-de\/recursos\/tarjetas-regalo-gc-skin-medspa\/","url":"https:\/\/gcskin.com\/es\/acerca-de\/recursos\/tarjetas-regalo-gc-skin-medspa\/","name":"Tarjetas de regalo - GC Skin Medspa","isPartOf":{"@id":"https:\/\/gcskin.com\/es\/#website"},"primaryImageOfPage":{"@id":"https:\/\/gcskin.com\/es\/acerca-de\/recursos\/tarjetas-regalo-gc-skin-medspa\/#primaryimage"},"image":{"@id":"https:\/\/gcskin.com\/es\/acerca-de\/recursos\/tarjetas-regalo-gc-skin-medspa\/#primaryimage"},"thumbnailUrl":"https:\/\/gcskin.com\/wp-content\/uploads\/2023\/01\/GCSkin-Medspa-Members.png","datePublished":"2023-04-21T00:53:54+00:00","dateModified":"2026-02-21T15:25:53+00:00","description":"GC Skin Medspa tarjetas de regalo cerca de Sherman Oaks hacer un regalo ideal para cualquier ocasi\u00f3n y est\u00e1n disponibles en cualquier cantidad de d\u00f3lares. Llame al (818) 458-9556.","breadcrumb":{"@id":"https:\/\/gcskin.com\/es\/acerca-de\/recursos\/tarjetas-regalo-gc-skin-medspa\/#breadcrumb"},"inLanguage":"es","potentialAction":[{"@type":"ReadAction","target":["https:\/\/gcskin.com\/es\/acerca-de\/recursos\/tarjetas-regalo-gc-skin-medspa\/"]}]},{"@type":"ImageObject","inLanguage":"es","@id":"https:\/\/gcskin.com\/es\/acerca-de\/recursos\/tarjetas-regalo-gc-skin-medspa\/#primaryimage","url":"https:\/\/gcskin.com\/wp-content\/uploads\/2023\/01\/GCSkin-Medspa-Members.png","contentUrl":"https:\/\/gcskin.com\/wp-content\/uploads\/2023\/01\/GCSkin-Medspa-Members.png","width":600,"height":650,"caption":"Afiliaci\u00f3n a GCSkin Medspa"},{"@type":"BreadcrumbList","@id":"https:\/\/gcskin.com\/es\/acerca-de\/recursos\/tarjetas-regalo-gc-skin-medspa\/#breadcrumb","itemListElement":[{"@type":"ListItem","position":1,"name":"Home","item":"https:\/\/gcskin.com\/es\/gc-skin-medspa\/"},{"@type":"ListItem","position":2,"name":"Nosotros","item":"https:\/\/gcskin.com\/es\/acerca-de\/"},{"@type":"ListItem","position":3,"name":"Recursos","item":"https:\/\/gcskin.com\/es\/acerca-de\/recursos\/"},{"@type":"ListItem","position":4,"name":"Tarjetas de regalo"}]},{"@type":"WebSite","@id":"https:\/\/gcskin.com\/es\/#website","url":"https:\/\/gcskin.com\/es\/","name":"GC Skin Medspa","description":"Best non-invasive cosmetic procedures in Sherman Oaks California","publisher":{"@id":"https:\/\/gcskin.com\/es\/#organization"},"potentialAction":[{"@type":"SearchAction","target":{"@type":"EntryPoint","urlTemplate":"https:\/\/gcskin.com\/es\/?s={search_term_string}"},"query-input":{"@type":"PropertyValueSpecification","valueRequired":true,"valueName":"search_term_string"}}],"inLanguage":"es"},{"@type":"Organization","@id":"https:\/\/gcskin.com\/es\/#organization","name":"GC Skin","url":"https:\/\/gcskin.com\/es\/","logo":{"@type":"ImageObject","inLanguage":"es","@id":"https:\/\/gcskin.com\/es\/#\/schema\/logo\/image\/","url":"https:\/\/gcskin.com\/wp-content\/uploads\/2022\/05\/cropped-GCSkin-Medspa-logo.png","contentUrl":"https:\/\/gcskin.com\/wp-content\/uploads\/2022\/05\/cropped-GCSkin-Medspa-logo.png","width":320,"height":106,"caption":"GC Skin"},"image":{"@id":"https:\/\/gcskin.com\/es\/#\/schema\/logo\/image\/"},"sameAs":["https:\/\/www.facebook.com\/gcskin","https:\/\/www.instagram.com\/gc_skin\/"]}]}},"_links":{"self":[{"href":"https:\/\/gcskin.com\/es\/wp-json\/wp\/v2\/pages\/11812","targetHints":{"allow":["GET"]}}],"collection":[{"href":"https:\/\/gcskin.com\/es\/wp-json\/wp\/v2\/pages"}],"about":[{"href":"https:\/\/gcskin.com\/es\/wp-json\/wp\/v2\/types\/page"}],"author":[{"embeddable":true,"href":"https:\/\/gcskin.com\/es\/wp-json\/wp\/v2\/users\/8779"}],"replies":[{"embeddable":true,"href":"https:\/\/gcskin.com\/es\/wp-json\/wp\/v2\/comments?post=11812"}],"version-history":[{"count":8,"href":"https:\/\/gcskin.com\/es\/wp-json\/wp\/v2\/pages\/11812\/revisions"}],"predecessor-version":[{"id":15505,"href":"https:\/\/gcskin.com\/es\/wp-json\/wp\/v2\/pages\/11812\/revisions\/15505"}],"up":[{"embeddable":true,"href":"https:\/\/gcskin.com\/es\/wp-json\/wp\/v2\/pages\/7153"}],"wp:featuredmedia":[{"embeddable":true,"href":"https:\/\/gcskin.com\/es\/wp-json\/wp\/v2\/media\/7059"}],"wp:attachment":[{"href":"https:\/\/gcskin.com\/es\/wp-json\/wp\/v2\/media?parent=11812"}],"curies":[{"name":"wp","href":"https:\/\/api.w.org\/{rel}","templated":true}]}}