{"id":7087,"date":"2022-05-24T20:31:48","date_gmt":"2022-05-25T03:31:48","guid":{"rendered":"https:\/\/gcskin.com\/instrucciones-para-la-eliminacion-de-datos\/"},"modified":"2026-02-21T07:21:58","modified_gmt":"2026-02-21T15:21:58","slug":"instrucciones-para-la-eliminacion-de-datos","status":"publish","type":"page","link":"https:\/\/gcskin.com\/es\/acerca-de\/recursos\/politica-de-privacidad\/instrucciones-para-la-eliminacion-de-datos\/","title":{"rendered":"Instrucciones para la eliminaci\u00f3n de datos"},"content":{"rendered":"\t\t<div data-elementor-type=\"wp-post\" data-elementor-id=\"7087\" class=\"elementor elementor-7087 elementor-4184\" data-elementor-post-type=\"page\">\n\t\t\t\t\t\t<section class=\"elementor-section elementor-top-section elementor-element elementor-element-1af1f79 elementor-section-content-middle elementor-hidden-mobile elementor-section-boxed elementor-section-height-default elementor-section-height-default\" data-id=\"1af1f79\" data-element_type=\"section\" data-e-type=\"section\" data-settings=\"{&quot;background_background&quot;:&quot;classic&quot;}\">\n\t\t\t\t\t\t\t<div class=\"elementor-background-overlay\"><\/div>\n\t\t\t\t\t\t\t<div class=\"elementor-container elementor-column-gap-no\">\n\t\t\t\t\t<div class=\"elementor-column elementor-col-100 elementor-top-column elementor-element elementor-element-8d092b6\" data-id=\"8d092b6\" data-element_type=\"column\" data-e-type=\"column\">\n\t\t\t<div class=\"elementor-widget-wrap elementor-element-populated\">\n\t\t\t\t\t\t<div class=\"elementor-element elementor-element-2f510d4 elementor-widget elementor-widget-heading\" data-id=\"2f510d4\" data-element_type=\"widget\" data-e-type=\"widget\" data-widget_type=\"heading.default\">\n\t\t\t\t\t\t\t<h1 class=\"elementor-heading-title elementor-size-default\">Instrucciones para la eliminaci\u00f3n de datos<\/h1>\t\t\t\t<\/div>\n\t\t\t\t<div class=\"elementor-element elementor-element-ebdf12f elementor-align-center elementor-widget elementor-widget-button\" data-id=\"ebdf12f\" data-element_type=\"widget\" data-e-type=\"widget\" data-widget_type=\"button.default\">\n\t\t\t\t\t\t\t\t\t\t\t\t<a class=\"elementor-button elementor-button-link elementor-size-sm\" href=\"tel:+18184589556\">\n\t\t\t\t\t\t<span class=\"elementor-button-content-wrapper\">\n\t\t\t\t\t\t\t\t\t<span class=\"elementor-button-text\">llame al (818) 458-9556<\/span>\n\t\t\t\t\t<\/span>\n\t\t\t\t\t<\/a>\n\t\t\t\t\t\t\t\t<\/div>\n\t\t\t\t\t<\/div>\n\t\t<\/div>\n\t\t\t\t\t<\/div>\n\t\t<\/section>\n\t\t\t\t<section class=\"elementor-section elementor-top-section elementor-element elementor-element-41d2c44 elementor-section-boxed elementor-section-height-default elementor-section-height-default\" data-id=\"41d2c44\" data-element_type=\"section\" data-e-type=\"section\">\n\t\t\t\t\t\t<div class=\"elementor-container elementor-column-gap-default\">\n\t\t\t\t\t<div class=\"elementor-column elementor-col-100 elementor-top-column elementor-element elementor-element-12736d5\" data-id=\"12736d5\" data-element_type=\"column\" data-e-type=\"column\">\n\t\t\t<div class=\"elementor-widget-wrap elementor-element-populated\">\n\t\t\t\t\t\t<section class=\"elementor-section elementor-inner-section elementor-element elementor-element-ed384c0 elementor-section-boxed elementor-section-height-default elementor-section-height-default\" data-id=\"ed384c0\" data-element_type=\"section\" data-e-type=\"section\">\n\t\t\t\t\t\t<div class=\"elementor-container elementor-column-gap-default\">\n\t\t\t\t\t<div class=\"elementor-column elementor-col-100 elementor-inner-column elementor-element elementor-element-5e9734e\" data-id=\"5e9734e\" data-element_type=\"column\" data-e-type=\"column\">\n\t\t\t<div class=\"elementor-widget-wrap elementor-element-populated\">\n\t\t\t\t\t\t<div class=\"elementor-element elementor-element-ed6afef elementor-align-center elementor-widget elementor-widget-breadcrumbs\" data-id=\"ed6afef\" data-element_type=\"widget\" data-e-type=\"widget\" data-widget_type=\"breadcrumbs.default\">\n\t\t\t\t\t\t\t<p id=\"breadcrumbs\"><span><span><a href=\"https:\/\/gcskin.com\/es\/gc-skin-medspa\/\">Home<\/a><\/span><\/span><\/p>\t\t\t\t<\/div>\n\t\t\t\t\t<\/div>\n\t\t<\/div>\n\t\t\t\t\t<\/div>\n\t\t<\/section>\n\t\t\t\t\t<\/div>\n\t\t<\/div>\n\t\t\t\t\t<\/div>\n\t\t<\/section>\n\t\t\t\t<section class=\"elementor-section elementor-top-section elementor-element elementor-element-a1ccafc elementor-section-boxed elementor-section-height-default elementor-section-height-default\" data-id=\"a1ccafc\" data-element_type=\"section\" data-e-type=\"section\">\n\t\t\t\t\t\t<div class=\"elementor-container elementor-column-gap-default\">\n\t\t\t\t\t<div class=\"elementor-column elementor-col-100 elementor-top-column elementor-element elementor-element-522c2a9 animated-slow elementor-invisible\" data-id=\"522c2a9\" data-element_type=\"column\" data-e-type=\"column\" data-settings=\"{&quot;animation&quot;:&quot;fadeIn&quot;}\">\n\t\t\t<div class=\"elementor-widget-wrap elementor-element-populated\">\n\t\t\t\t\t\t<div class=\"elementor-element elementor-element-dd0a933 elementor-widget elementor-widget-text-editor\" data-id=\"dd0a933\" data-element_type=\"widget\" data-e-type=\"widget\" data-widget_type=\"text-editor.default\">\n\t\t\t\t\t\t\t\t\t\t\t<p>GC Skin Social Media es una aplicaci\u00f3n de inicio de sesi\u00f3n de Facebook y no guardamos sus datos personales en nuestro servidor. De acuerdo con la pol\u00edtica de Facebook, tenemos que proporcionar la URL de devoluci\u00f3n de llamada de eliminaci\u00f3n de datos del usuario o la URL de instrucciones de eliminaci\u00f3n de datos.<\/p><p>Si desea eliminar sus actividades para GC Skin Social Media App, puede eliminar su informaci\u00f3n siguiendo estos pasos:<\/p><p>1. Ve a Configuraci\u00f3n y privacidad de tu cuenta de Facebook. Haz clic en \u00abConfiguraci\u00f3n\u00bb.<\/p><p>2. Busca \u00abAplicaciones y sitios web\u00bb y ver\u00e1s todas las aplicaciones y sitios web que has vinculado con tu Facebook.<\/p><p>3. Busca y haz clic en \u00abGC Skin Social Media\u00bb en la barra de b\u00fasqueda.<\/p><p>4. Despl\u00e1cese y haga clic en \u00abEliminar\u00bb.<\/p><p>5. Enhorabuena, has eliminado con \u00e9xito las actividades de tu aplicaci\u00f3n.<\/p>\t\t\t\t\t\t\t\t<\/div>\n\t\t\t\t\t<\/div>\n\t\t<\/div>\n\t\t\t\t\t<\/div>\n\t\t<\/section>\n\t\t\t\t<section class=\"elementor-section elementor-top-section elementor-element elementor-element-286f74a elementor-section-full_width elementor-section-height-default elementor-section-height-default\" data-id=\"286f74a\" data-element_type=\"section\" data-e-type=\"section\" data-settings=\"{&quot;background_background&quot;:&quot;classic&quot;}\">\n\t\t\t\t\t\t<div class=\"elementor-container elementor-column-gap-no\">\n\t\t\t\t\t<div class=\"elementor-column elementor-col-100 elementor-top-column elementor-element elementor-element-38ea53b\" data-id=\"38ea53b\" data-element_type=\"column\" data-e-type=\"column\">\n\t\t\t<div class=\"elementor-widget-wrap elementor-element-populated\">\n\t\t\t\t\t\t<div class=\"elementor-element elementor-element-c4e7b14 elementor-cta--skin-classic elementor-animated-content elementor-bg-transform elementor-bg-transform-zoom-in elementor-widget elementor-widget-call-to-action\" data-id=\"c4e7b14\" data-element_type=\"widget\" data-e-type=\"widget\" data-widget_type=\"call-to-action.default\">\n\t\t\t\t\t\t\t\t\t<a class=\"elementor-cta\" href=\"tel:+18184589556\">\n\t\t\t\t\t\t\t<div class=\"elementor-cta__content\">\n\t\t\t\t\n\t\t\t\t\n\t\t\t\t\t\t\t\t\t<div class=\"elementor-cta__description elementor-cta__content-item elementor-content-item\">\n\t\t\t\t\t\tSi necesita alojamiento para un d\u00eda u hora diferentes, llame a nuestra oficina para que podamos ayudarle a concertar una hora que le resulte m\u00e1s conveniente.\t\t\t\t\t<\/div>\n\t\t\t\t\n\t\t\t\t\t\t\t\t\t<div class=\"elementor-cta__button-wrapper elementor-cta__content-item elementor-content-item \">\n\t\t\t\t\t<span class=\"elementor-cta__button elementor-button elementor-size-\">\n\t\t\t\t\t\tLLAME AL (818) 458-9556\t\t\t\t\t<\/span>\n\t\t\t\t\t<\/div>\n\t\t\t\t\t\t\t<\/div>\n\t\t\t\t\t\t<\/a>\n\t\t\t\t\t\t<\/div>\n\t\t\t\t\t<\/div>\n\t\t<\/div>\n\t\t\t\t\t<\/div>\n\t\t<\/section>\n\t\t\t\t<\/div>\n\t\t","protected":false},"excerpt":{"rendered":"<p>Instrucciones para la eliminaci\u00f3n de datos llame al (818) 458-9556 GC Skin Social Media es una aplicaci\u00f3n de inicio de sesi\u00f3n de Facebook y no guardamos sus datos personales en nuestro servidor. De acuerdo con la pol\u00edtica de Facebook, tenemos que proporcionar la URL de devoluci\u00f3n de llamada de eliminaci\u00f3n de datos del usuario o [&hellip;]<\/p>\n","protected":false},"author":8779,"featured_media":6900,"parent":7093,"menu_order":0,"comment_status":"closed","ping_status":"closed","template":"","meta":{"site-sidebar-layout":"no-sidebar","site-content-layout":null,"ast-site-content-layout":"full-width-container","site-content-style":"unboxed","site-sidebar-style":"unboxed","ast-global-header-display":"","ast-banner-title-visibility":"","ast-main-header-display":"","ast-hfb-above-header-display":"","ast-hfb-below-header-display":null,"ast-hfb-mobile-header-display":"","site-post-title":"disabled","ast-breadcrumbs-content":null,"ast-featured-img":"disabled","footer-sml-layout":"","ast-disable-related-posts":"","theme-transparent-header-meta":"enabled","adv-header-id-meta":"","stick-header-meta":"","header-above-stick-meta":null,"header-main-stick-meta":"","header-below-stick-meta":null,"astra-migrate-meta-layouts":"default","ast-page-background-enabled":"default","ast-page-background-meta":{"desktop":{"background-color":"","background-image":"","background-repeat":"repeat","background-position":"center center","background-size":"auto","background-attachment":"scroll","background-type":"","background-media":"","overlay-type":"","overlay-color":"","overlay-opacity":"","overlay-gradient":""},"tablet":{"background-color":"","background-image":"","background-repeat":"repeat","background-position":"center center","background-size":"auto","background-attachment":"scroll","background-type":"","background-media":"","overlay-type":"","overlay-color":"","overlay-opacity":"","overlay-gradient":""},"mobile":{"background-color":"","background-image":"","background-repeat":"repeat","background-position":"center center","background-size":"auto","background-attachment":"scroll","background-type":"","background-media":"","overlay-type":"","overlay-color":"","overlay-opacity":"","overlay-gradient":""}},"ast-content-background-meta":{"desktop":{"background-color":"var(--ast-global-color-5)","background-image":"","background-repeat":"repeat","background-position":"center center","background-size":"auto","background-attachment":"scroll","background-type":"","background-media":"","overlay-type":"","overlay-color":"","overlay-opacity":"","overlay-gradient":""},"tablet":{"background-color":"var(--ast-global-color-5)","background-image":"","background-repeat":"repeat","background-position":"center center","background-size":"auto","background-attachment":"scroll","background-type":"","background-media":"","overlay-type":"","overlay-color":"","overlay-opacity":"","overlay-gradient":""},"mobile":{"background-color":"var(--ast-global-color-5)","background-image":"","background-repeat":"repeat","background-position":"center center","background-size":"auto","background-attachment":"scroll","background-type":"","background-media":"","overlay-type":"","overlay-color":"","overlay-opacity":"","overlay-gradient":""}},"footnotes":""},"class_list":["post-7087","page","type-page","status-publish","has-post-thumbnail","hentry"],"yoast_head":"<!-- This site is optimized with the Yoast SEO Premium plugin v27.3 (Yoast SEO v27.3) - https:\/\/yoast.com\/product\/yoast-seo-premium-wordpress\/ -->\n<title>Instrucciones para la eliminaci\u00f3n de datos - GC Skin Medspa<\/title>\n<meta name=\"robots\" content=\"index, follow, max-snippet:-1, max-image-preview:large, max-video-preview:-1\" \/>\n<link rel=\"canonical\" href=\"https:\/\/gcskin.com\/es\/acerca-de\/recursos\/politica-de-privacidad\/instrucciones-para-la-eliminacion-de-datos\/\" \/>\n<meta property=\"og:locale\" content=\"es_ES\" \/>\n<meta property=\"og:type\" content=\"article\" \/>\n<meta property=\"og:title\" content=\"Instrucciones para la eliminaci\u00f3n de datos\" \/>\n<meta property=\"og:description\" content=\"Instrucciones para la eliminaci\u00f3n de datos llame al (818) 458-9556 GC Skin Social Media es una aplicaci\u00f3n de inicio de sesi\u00f3n de Facebook y no guardamos sus datos personales en nuestro servidor. De acuerdo con la pol\u00edtica de Facebook, tenemos que proporcionar la URL de devoluci\u00f3n de llamada de eliminaci\u00f3n de datos del usuario o [&hellip;]\" \/>\n<meta property=\"og:url\" content=\"https:\/\/gcskin.com\/es\/acerca-de\/recursos\/politica-de-privacidad\/instrucciones-para-la-eliminacion-de-datos\/\" \/>\n<meta property=\"og:site_name\" content=\"GC Skin Medspa\" \/>\n<meta property=\"article:publisher\" content=\"https:\/\/www.facebook.com\/gcskin\" \/>\n<meta property=\"article:modified_time\" content=\"2026-02-21T15:21:58+00:00\" \/>\n<meta property=\"og:image\" content=\"https:\/\/gcskin.com\/wp-content\/uploads\/2022\/05\/GC-Skin-Medspa-Contact-Us.webp\" \/>\n\t<meta property=\"og:image:width\" content=\"2400\" \/>\n\t<meta property=\"og:image:height\" content=\"1256\" \/>\n\t<meta property=\"og:image:type\" content=\"image\/webp\" \/>\n<meta name=\"twitter:card\" content=\"summary_large_image\" \/>\n<meta name=\"twitter:label1\" content=\"Tiempo de lectura\" \/>\n\t<meta name=\"twitter:data1\" content=\"1 minuto\" \/>\n<script type=\"application\/ld+json\" class=\"yoast-schema-graph\">{\"@context\":\"https:\\\/\\\/schema.org\",\"@graph\":[{\"@type\":\"WebPage\",\"@id\":\"https:\\\/\\\/gcskin.com\\\/es\\\/acerca-de\\\/recursos\\\/politica-de-privacidad\\\/instrucciones-para-la-eliminacion-de-datos\\\/\",\"url\":\"https:\\\/\\\/gcskin.com\\\/es\\\/acerca-de\\\/recursos\\\/politica-de-privacidad\\\/instrucciones-para-la-eliminacion-de-datos\\\/\",\"name\":\"Instrucciones para la eliminaci\u00f3n de datos - GC Skin Medspa\",\"isPartOf\":{\"@id\":\"https:\\\/\\\/gcskin.com\\\/es\\\/#website\"},\"primaryImageOfPage\":{\"@id\":\"https:\\\/\\\/gcskin.com\\\/es\\\/acerca-de\\\/recursos\\\/politica-de-privacidad\\\/instrucciones-para-la-eliminacion-de-datos\\\/#primaryimage\"},\"image\":{\"@id\":\"https:\\\/\\\/gcskin.com\\\/es\\\/acerca-de\\\/recursos\\\/politica-de-privacidad\\\/instrucciones-para-la-eliminacion-de-datos\\\/#primaryimage\"},\"thumbnailUrl\":\"https:\\\/\\\/gcskin.com\\\/wp-content\\\/uploads\\\/2022\\\/05\\\/GC-Skin-Medspa-Contact-Us.webp\",\"datePublished\":\"2022-05-25T03:31:48+00:00\",\"dateModified\":\"2026-02-21T15:21:58+00:00\",\"breadcrumb\":{\"@id\":\"https:\\\/\\\/gcskin.com\\\/es\\\/acerca-de\\\/recursos\\\/politica-de-privacidad\\\/instrucciones-para-la-eliminacion-de-datos\\\/#breadcrumb\"},\"inLanguage\":\"es\",\"potentialAction\":[{\"@type\":\"ReadAction\",\"target\":[\"https:\\\/\\\/gcskin.com\\\/es\\\/acerca-de\\\/recursos\\\/politica-de-privacidad\\\/instrucciones-para-la-eliminacion-de-datos\\\/\"]}]},{\"@type\":\"ImageObject\",\"inLanguage\":\"es\",\"@id\":\"https:\\\/\\\/gcskin.com\\\/es\\\/acerca-de\\\/recursos\\\/politica-de-privacidad\\\/instrucciones-para-la-eliminacion-de-datos\\\/#primaryimage\",\"url\":\"https:\\\/\\\/gcskin.com\\\/wp-content\\\/uploads\\\/2022\\\/05\\\/GC-Skin-Medspa-Contact-Us.webp\",\"contentUrl\":\"https:\\\/\\\/gcskin.com\\\/wp-content\\\/uploads\\\/2022\\\/05\\\/GC-Skin-Medspa-Contact-Us.webp\",\"width\":2400,\"height\":1256,\"caption\":\"GC Skin Medspa Contacto\"},{\"@type\":\"BreadcrumbList\",\"@id\":\"https:\\\/\\\/gcskin.com\\\/es\\\/acerca-de\\\/recursos\\\/politica-de-privacidad\\\/instrucciones-para-la-eliminacion-de-datos\\\/#breadcrumb\",\"itemListElement\":[{\"@type\":\"ListItem\",\"position\":1,\"name\":\"Home\",\"item\":\"https:\\\/\\\/gcskin.com\\\/es\\\/gc-skin-medspa\\\/\"},{\"@type\":\"ListItem\",\"position\":2,\"name\":\"Nosotros\",\"item\":\"https:\\\/\\\/gcskin.com\\\/es\\\/acerca-de\\\/\"},{\"@type\":\"ListItem\",\"position\":3,\"name\":\"Recursos\",\"item\":\"https:\\\/\\\/gcskin.com\\\/es\\\/acerca-de\\\/recursos\\\/\"},{\"@type\":\"ListItem\",\"position\":4,\"name\":\"Pol\u00edtica de privacidad\",\"item\":\"https:\\\/\\\/gcskin.com\\\/es\\\/acerca-de\\\/recursos\\\/politica-de-privacidad\\\/\"},{\"@type\":\"ListItem\",\"position\":5,\"name\":\"Instrucciones para la eliminaci\u00f3n de datos\"}]},{\"@type\":\"WebSite\",\"@id\":\"https:\\\/\\\/gcskin.com\\\/es\\\/#website\",\"url\":\"https:\\\/\\\/gcskin.com\\\/es\\\/\",\"name\":\"GC Skin Medspa\",\"description\":\"Best non-invasive cosmetic procedures in Sherman Oaks California\",\"publisher\":{\"@id\":\"https:\\\/\\\/gcskin.com\\\/es\\\/#organization\"},\"potentialAction\":[{\"@type\":\"SearchAction\",\"target\":{\"@type\":\"EntryPoint\",\"urlTemplate\":\"https:\\\/\\\/gcskin.com\\\/es\\\/?s={search_term_string}\"},\"query-input\":{\"@type\":\"PropertyValueSpecification\",\"valueRequired\":true,\"valueName\":\"search_term_string\"}}],\"inLanguage\":\"es\"},{\"@type\":\"Organization\",\"@id\":\"https:\\\/\\\/gcskin.com\\\/es\\\/#organization\",\"name\":\"GC Skin\",\"url\":\"https:\\\/\\\/gcskin.com\\\/es\\\/\",\"logo\":{\"@type\":\"ImageObject\",\"inLanguage\":\"es\",\"@id\":\"https:\\\/\\\/gcskin.com\\\/es\\\/#\\\/schema\\\/logo\\\/image\\\/\",\"url\":\"https:\\\/\\\/gcskin.com\\\/wp-content\\\/uploads\\\/2022\\\/05\\\/cropped-GCSkin-Medspa-logo.png\",\"contentUrl\":\"https:\\\/\\\/gcskin.com\\\/wp-content\\\/uploads\\\/2022\\\/05\\\/cropped-GCSkin-Medspa-logo.png\",\"width\":320,\"height\":106,\"caption\":\"GC Skin\"},\"image\":{\"@id\":\"https:\\\/\\\/gcskin.com\\\/es\\\/#\\\/schema\\\/logo\\\/image\\\/\"},\"sameAs\":[\"https:\\\/\\\/www.facebook.com\\\/gcskin\",\"https:\\\/\\\/www.instagram.com\\\/gc_skin\\\/\"]}]}<\/script>\n<!-- \/ Yoast SEO Premium plugin. -->","yoast_head_json":{"title":"Instrucciones para la eliminaci\u00f3n de datos - GC Skin Medspa","robots":{"index":"index","follow":"follow","max-snippet":"max-snippet:-1","max-image-preview":"max-image-preview:large","max-video-preview":"max-video-preview:-1"},"canonical":"https:\/\/gcskin.com\/es\/acerca-de\/recursos\/politica-de-privacidad\/instrucciones-para-la-eliminacion-de-datos\/","og_locale":"es_ES","og_type":"article","og_title":"Instrucciones para la eliminaci\u00f3n de datos","og_description":"Instrucciones para la eliminaci\u00f3n de datos llame al (818) 458-9556 GC Skin Social Media es una aplicaci\u00f3n de inicio de sesi\u00f3n de Facebook y no guardamos sus datos personales en nuestro servidor. De acuerdo con la pol\u00edtica de Facebook, tenemos que proporcionar la URL de devoluci\u00f3n de llamada de eliminaci\u00f3n de datos del usuario o [&hellip;]","og_url":"https:\/\/gcskin.com\/es\/acerca-de\/recursos\/politica-de-privacidad\/instrucciones-para-la-eliminacion-de-datos\/","og_site_name":"GC Skin Medspa","article_publisher":"https:\/\/www.facebook.com\/gcskin","article_modified_time":"2026-02-21T15:21:58+00:00","og_image":[{"width":2400,"height":1256,"url":"https:\/\/gcskin.com\/wp-content\/uploads\/2022\/05\/GC-Skin-Medspa-Contact-Us.webp","type":"image\/webp"}],"twitter_card":"summary_large_image","twitter_misc":{"Tiempo de lectura":"1 minuto"},"schema":{"@context":"https:\/\/schema.org","@graph":[{"@type":"WebPage","@id":"https:\/\/gcskin.com\/es\/acerca-de\/recursos\/politica-de-privacidad\/instrucciones-para-la-eliminacion-de-datos\/","url":"https:\/\/gcskin.com\/es\/acerca-de\/recursos\/politica-de-privacidad\/instrucciones-para-la-eliminacion-de-datos\/","name":"Instrucciones para la eliminaci\u00f3n de datos - GC Skin Medspa","isPartOf":{"@id":"https:\/\/gcskin.com\/es\/#website"},"primaryImageOfPage":{"@id":"https:\/\/gcskin.com\/es\/acerca-de\/recursos\/politica-de-privacidad\/instrucciones-para-la-eliminacion-de-datos\/#primaryimage"},"image":{"@id":"https:\/\/gcskin.com\/es\/acerca-de\/recursos\/politica-de-privacidad\/instrucciones-para-la-eliminacion-de-datos\/#primaryimage"},"thumbnailUrl":"https:\/\/gcskin.com\/wp-content\/uploads\/2022\/05\/GC-Skin-Medspa-Contact-Us.webp","datePublished":"2022-05-25T03:31:48+00:00","dateModified":"2026-02-21T15:21:58+00:00","breadcrumb":{"@id":"https:\/\/gcskin.com\/es\/acerca-de\/recursos\/politica-de-privacidad\/instrucciones-para-la-eliminacion-de-datos\/#breadcrumb"},"inLanguage":"es","potentialAction":[{"@type":"ReadAction","target":["https:\/\/gcskin.com\/es\/acerca-de\/recursos\/politica-de-privacidad\/instrucciones-para-la-eliminacion-de-datos\/"]}]},{"@type":"ImageObject","inLanguage":"es","@id":"https:\/\/gcskin.com\/es\/acerca-de\/recursos\/politica-de-privacidad\/instrucciones-para-la-eliminacion-de-datos\/#primaryimage","url":"https:\/\/gcskin.com\/wp-content\/uploads\/2022\/05\/GC-Skin-Medspa-Contact-Us.webp","contentUrl":"https:\/\/gcskin.com\/wp-content\/uploads\/2022\/05\/GC-Skin-Medspa-Contact-Us.webp","width":2400,"height":1256,"caption":"GC Skin Medspa Contacto"},{"@type":"BreadcrumbList","@id":"https:\/\/gcskin.com\/es\/acerca-de\/recursos\/politica-de-privacidad\/instrucciones-para-la-eliminacion-de-datos\/#breadcrumb","itemListElement":[{"@type":"ListItem","position":1,"name":"Home","item":"https:\/\/gcskin.com\/es\/gc-skin-medspa\/"},{"@type":"ListItem","position":2,"name":"Nosotros","item":"https:\/\/gcskin.com\/es\/acerca-de\/"},{"@type":"ListItem","position":3,"name":"Recursos","item":"https:\/\/gcskin.com\/es\/acerca-de\/recursos\/"},{"@type":"ListItem","position":4,"name":"Pol\u00edtica de privacidad","item":"https:\/\/gcskin.com\/es\/acerca-de\/recursos\/politica-de-privacidad\/"},{"@type":"ListItem","position":5,"name":"Instrucciones para la eliminaci\u00f3n de datos"}]},{"@type":"WebSite","@id":"https:\/\/gcskin.com\/es\/#website","url":"https:\/\/gcskin.com\/es\/","name":"GC Skin Medspa","description":"Best non-invasive cosmetic procedures in Sherman Oaks California","publisher":{"@id":"https:\/\/gcskin.com\/es\/#organization"},"potentialAction":[{"@type":"SearchAction","target":{"@type":"EntryPoint","urlTemplate":"https:\/\/gcskin.com\/es\/?s={search_term_string}"},"query-input":{"@type":"PropertyValueSpecification","valueRequired":true,"valueName":"search_term_string"}}],"inLanguage":"es"},{"@type":"Organization","@id":"https:\/\/gcskin.com\/es\/#organization","name":"GC Skin","url":"https:\/\/gcskin.com\/es\/","logo":{"@type":"ImageObject","inLanguage":"es","@id":"https:\/\/gcskin.com\/es\/#\/schema\/logo\/image\/","url":"https:\/\/gcskin.com\/wp-content\/uploads\/2022\/05\/cropped-GCSkin-Medspa-logo.png","contentUrl":"https:\/\/gcskin.com\/wp-content\/uploads\/2022\/05\/cropped-GCSkin-Medspa-logo.png","width":320,"height":106,"caption":"GC Skin"},"image":{"@id":"https:\/\/gcskin.com\/es\/#\/schema\/logo\/image\/"},"sameAs":["https:\/\/www.facebook.com\/gcskin","https:\/\/www.instagram.com\/gc_skin\/"]}]}},"_links":{"self":[{"href":"https:\/\/gcskin.com\/es\/wp-json\/wp\/v2\/pages\/7087","targetHints":{"allow":["GET"]}}],"collection":[{"href":"https:\/\/gcskin.com\/es\/wp-json\/wp\/v2\/pages"}],"about":[{"href":"https:\/\/gcskin.com\/es\/wp-json\/wp\/v2\/types\/page"}],"author":[{"embeddable":true,"href":"https:\/\/gcskin.com\/es\/wp-json\/wp\/v2\/users\/8779"}],"replies":[{"embeddable":true,"href":"https:\/\/gcskin.com\/es\/wp-json\/wp\/v2\/comments?post=7087"}],"version-history":[{"count":2,"href":"https:\/\/gcskin.com\/es\/wp-json\/wp\/v2\/pages\/7087\/revisions"}],"predecessor-version":[{"id":15797,"href":"https:\/\/gcskin.com\/es\/wp-json\/wp\/v2\/pages\/7087\/revisions\/15797"}],"up":[{"embeddable":true,"href":"https:\/\/gcskin.com\/es\/wp-json\/wp\/v2\/pages\/7093"}],"wp:featuredmedia":[{"embeddable":true,"href":"https:\/\/gcskin.com\/es\/wp-json\/wp\/v2\/media\/6900"}],"wp:attachment":[{"href":"https:\/\/gcskin.com\/es\/wp-json\/wp\/v2\/media?parent=7087"}],"curies":[{"name":"wp","href":"https:\/\/api.w.org\/{rel}","templated":true}]}}