{"id":7091,"date":"2017-12-17T10:06:43","date_gmt":"2017-12-17T18:06:43","guid":{"rendered":"https:\/\/gcskin.com\/acerca-de\/"},"modified":"2025-09-13T17:12:05","modified_gmt":"2025-09-14T00:12:05","slug":"acerca-de","status":"publish","type":"page","link":"https:\/\/gcskin.com\/es\/acerca-de\/","title":{"rendered":"Nosotros"},"content":{"rendered":"<h1>Nosotros<\/h1>\n<p>\t\t\t\t\t\t\t\t\t\t\t\t<a href=\"https:\/\/booking.gcskin.com\/online-booking\"><br \/>\n  Reservar cita<br \/>\n\t\t\t\t\t<\/a><\/p>\n<figure><img fetchpriority=\"high\" decoding=\"async\" width=\"1200\" height=\"1800\" src=\"https:\/\/gcskin.com\/wp-content\/uploads\/2025\/01\/TG4A9752.jpg\" alt=\"\"><\/figure>\n<h3>Dra. Luciana Yacomotti<\/h3>\n<p>Luciana Yacomotti M.D. es doctora y experta en Medicina Est\u00e9tica, con especialidad en<a href=\"https:\/\/gcskin.com\/services\/\">procedimientos cosm\u00e9ticos no quir\u00fargicos y m\u00ednimamente invasivos<\/a>. Ella trata muchas condiciones, incluyendo cicatrices, arrugas, flacidez de la piel, decoloraci\u00f3n, y cualquier otra dolencia que afecta a su capacidad para verse y sentirse incre\u00edble. Como defensora de la belleza hol\u00edstica, la Dra. Luciana combina la medicina interna con procedimientos est\u00e9ticos para aumentar dr\u00e1sticamente su confianza con resultados de aspecto natural.<\/p>\n<h3>Vamos m\u00e1s all\u00e1 de cualquier tratamiento o procedimiento m\u00e9dico, ya que la verdadera belleza empieza por ti.<\/h3>\n<figure><img decoding=\"async\" width=\"600\" height=\"650\" src=\"https:\/\/gcskin.com\/wp-content\/uploads\/2024\/05\/Doctor-luciana-yacomotti-GC-Skin-Medspa-about-us.webp\" alt=\"Doctora Luciana Yacomotti GC Skin Medspa\"><\/figure>\n<h3>Acerca de GC Skin<\/h3>\n<p>GC Skin y la Dra. Luciana se centran en un enfoque hol\u00edstico de su belleza interior y exterior. Su salud y su autonom\u00eda son nuestra m\u00e1xima prioridad.<br style=\"white-space: normal;\"><br style=\"white-space: normal;\">Nuestra misi\u00f3n en GC Skin es ofrecer alternativas de alta calidad a los tratamientos est\u00e9ticos que sean a la vez eficaces y agradables. Tenemos en cuenta todas sus necesidades a la hora de elegir cuidadosamente c\u00f3mo lograr el resultado deseado. Te ayudamos a vivir tu mejor vida con la autoestima positiva que te mereces. La Dra. Luciana y su equipo van m\u00e1s all\u00e1 de cualquier tratamiento o procedimiento m\u00e9dico, ya que la verdadera belleza comienza dentro de ti.<\/p>\n<h3>Tenemos un personal experimentado comprometido a darle los mejores procedimientos cosm\u00e9ticos no quir\u00fargicos y m\u00ednimamente invasivos en Sherman Oaks.<\/h3>\n<h4>Algunas palabras sobre<\/h4>\n<h2>Nuestro equipo<\/h2>\n<p>GC Skin y la Dra. Luciana se centran en un enfoque hol\u00edstico de su belleza interior y exterior. Su salud y su autonom\u00eda son nuestra m\u00e1xima prioridad a la hora de experimentar su transformaci\u00f3n org\u00e1nica para tener un aspecto m\u00e1s joven y sentirse m\u00e1s seguro de s\u00ed mismo.<\/p>\n<figure><img decoding=\"async\" width=\"200\" height=\"200\" src=\"https:\/\/gcskin.com\/wp-content\/uploads\/2022\/06\/GCSkin-joscelyne-pic.png\" alt=\"GCSKIN Joscelyne\"><\/figure>\n<h4>Joscelyne<\/h4>\n<h2>S\u00edguenos<\/h2>\n<p>\t\t\t\t\t<a href=\"https:\/\/www.facebook.com\/gcskin\/\"><br \/>\n  Facebook-f<br \/>\n\t\t\t\t\t\t<svg viewbox=\"0 0 320 512\" xmlns=\"http:\/\/www.w3.org\/2000\/svg\"><path d=\"M279.14 288l14.22-92.66h-88.91v-60.13c0-25.35 12.42-50.06 52.24-50.06h40.42V6.26S260.43 0 225.36 0c-73.22 0-121.08 44.38-121.08 124.72v70.62H22.89V288h81.39v224h100.17V288z\"><\/path><\/svg>\t\t\t\t\t<\/a><br \/>\n\t\t\t\t\t<a href=\"https:\/\/www.instagram.com\/gc_skin\/\"><br \/>\n  Instagram<br \/>\n\t\t\t\t\t\t<svg viewbox=\"0 0 448 512\" xmlns=\"http:\/\/www.w3.org\/2000\/svg\"><path d=\"M224.1 141c-63.6 0-114.9 51.3-114.9 114.9s51.3 114.9 114.9 114.9S339 319.5 339 255.9 287.7 141 224.1 141zm0 189.6c-41.1 0-74.7-33.5-74.7-74.7s33.5-74.7 74.7-74.7 74.7 33.5 74.7 74.7-33.6 74.7-74.7 74.7zm146.4-194.3c0 14.9-12 26.8-26.8 26.8-14.9 0-26.8-12-26.8-26.8s12-26.8 26.8-26.8 26.8 12 26.8 26.8zm76.1 27.2c-1.7-35.9-9.9-67.7-36.2-93.9-26.2-26.2-58-34.4-93.9-36.2-37-2.1-147.9-2.1-184.9 0-35.8 1.7-67.6 9.9-93.9 36.1s-34.4 58-36.2 93.9c-2.1 37-2.1 147.9 0 184.9 1.7 35.9 9.9 67.7 36.2 93.9s58 34.4 93.9 36.2c37 2.1 147.9 2.1 184.9 0 35.9-1.7 67.7-9.9 93.9-36.2 26.2-26.2 34.4-58 36.2-93.9 2.1-37 2.1-147.8 0-184.8zM398.8 388c-7.8 19.6-22.9 34.7-42.6 42.6-29.5 11.7-99.5 9-132.1 9s-102.7 2.6-132.1-9c-19.6-7.8-34.7-22.9-42.6-42.6-11.7-29.5-9-99.5-9-132.1s-2.6-102.7 9-132.1c7.8-19.6 22.9-34.7 42.6-42.6 29.5-11.7 99.5-9 132.1-9s102.7-2.6 132.1 9c19.6 7.8 34.7 22.9 42.6 42.6 11.7 29.5 9 99.5 9 132.1s2.7 102.7-9 132.1z\"><\/path><\/svg>\t\t\t\t\t<\/a><br \/>\n\t\t\t\t\t<a href=\"https:\/\/www.youtube.com\/@gcskin\" target=\"_blank\"><br \/>\n  Youtube<br \/>\n\t\t\t\t\t\t<svg viewbox=\"0 0 576 512\" xmlns=\"http:\/\/www.w3.org\/2000\/svg\"><path d=\"M549.655 124.083c-6.281-23.65-24.787-42.276-48.284-48.597C458.781 64 288 64 288 64S117.22 64 74.629 75.486c-23.497 6.322-42.003 24.947-48.284 48.597-11.412 42.867-11.412 132.305-11.412 132.305s0 89.438 11.412 132.305c6.281 23.65 24.787 41.5 48.284 47.821C117.22 448 288 448 288 448s170.78 0 213.371-11.486c23.497-6.321 42.003-24.171 48.284-47.821 11.412-42.867 11.412-132.305 11.412-132.305s0-89.438-11.412-132.305zm-317.51 213.508V175.185l142.739 81.205-142.739 81.201z\"><\/path><\/svg>\t\t\t\t\t<\/a><\/p>\n<h3>Nuestro objetivo es conseguir mejoras est\u00e9ticas excepcionales que cambien su vida.<br \/>\n<\/h3>\n","protected":false},"excerpt":{"rendered":"<p>Nosotros Reservar cita Dra. Luciana Yacomotti Luciana Yacomotti M.D. es doctora y experta en Medicina Est\u00e9tica, con especialidad enprocedimientos cosm\u00e9ticos no quir\u00fargicos y m\u00ednimamente invasivos. Ella trata muchas condiciones, incluyendo cicatrices, arrugas, flacidez de la piel, decoloraci\u00f3n, y cualquier otra dolencia que afecta a su capacidad para verse y sentirse incre\u00edble. Como defensora de la [&hellip;]<\/p>\n","protected":false},"author":8779,"featured_media":6899,"parent":0,"menu_order":0,"comment_status":"closed","ping_status":"closed","template":"","meta":{"site-sidebar-layout":"no-sidebar","site-content-layout":"page-builder","ast-site-content-layout":"full-width-container","site-content-style":"unboxed","site-sidebar-style":"unboxed","ast-global-header-display":"","ast-banner-title-visibility":"","ast-main-header-display":"","ast-hfb-above-header-display":"","ast-hfb-below-header-display":"","ast-hfb-mobile-header-display":"","site-post-title":"disabled","ast-breadcrumbs-content":"","ast-featured-img":"disabled","footer-sml-layout":"","ast-disable-related-posts":"","theme-transparent-header-meta":"enabled","adv-header-id-meta":"","stick-header-meta":"","header-above-stick-meta":"","header-main-stick-meta":"","header-below-stick-meta":"","astra-migrate-meta-layouts":"default","ast-page-background-enabled":"default","ast-page-background-meta":{"desktop":{"background-color":"","background-image":"","background-repeat":"repeat","background-position":"center center","background-size":"auto","background-attachment":"scroll","background-type":"","background-media":"","overlay-type":"","overlay-color":"","overlay-opacity":"","overlay-gradient":""},"tablet":{"background-color":"","background-image":"","background-repeat":"repeat","background-position":"center center","background-size":"auto","background-attachment":"scroll","background-type":"","background-media":"","overlay-type":"","overlay-color":"","overlay-opacity":"","overlay-gradient":""},"mobile":{"background-color":"","background-image":"","background-repeat":"repeat","background-position":"center center","background-size":"auto","background-attachment":"scroll","background-type":"","background-media":"","overlay-type":"","overlay-color":"","overlay-opacity":"","overlay-gradient":""}},"ast-content-background-meta":{"desktop":{"background-color":"var(--ast-global-color-5)","background-image":"","background-repeat":"repeat","background-position":"center center","background-size":"auto","background-attachment":"scroll","background-type":"","background-media":"","overlay-type":"","overlay-color":"","overlay-opacity":"","overlay-gradient":""},"tablet":{"background-color":"var(--ast-global-color-5)","background-image":"","background-repeat":"repeat","background-position":"center center","background-size":"auto","background-attachment":"scroll","background-type":"","background-media":"","overlay-type":"","overlay-color":"","overlay-opacity":"","overlay-gradient":""},"mobile":{"background-color":"var(--ast-global-color-5)","background-image":"","background-repeat":"repeat","background-position":"center center","background-size":"auto","background-attachment":"scroll","background-type":"","background-media":"","overlay-type":"","overlay-color":"","overlay-opacity":"","overlay-gradient":""}},"footnotes":""},"class_list":["post-7091","page","type-page","status-publish","has-post-thumbnail","hentry"],"yoast_head":"<!-- This site is optimized with the Yoast SEO Premium plugin v27.3 (Yoast SEO v27.3) - https:\/\/yoast.com\/product\/yoast-seo-premium-wordpress\/ -->\n<title>Nosotros - GC Skin Medspa<\/title>\n<meta name=\"description\" content=\"GC Skin Medspa puede tratar problemas de tejidos profundos y mejorar el tono de su piel. Para su tratamiento de la piel asequible hoy llame al (818) 458-9556.\" \/>\n<meta name=\"robots\" content=\"index, follow, max-snippet:-1, max-image-preview:large, max-video-preview:-1\" \/>\n<link rel=\"canonical\" href=\"https:\/\/gcskin.com\/es\/acerca-de\/\" \/>\n<meta property=\"og:locale\" content=\"es_ES\" \/>\n<meta property=\"og:type\" content=\"article\" \/>\n<meta property=\"og:title\" content=\"Nosotros\" \/>\n<meta property=\"og:description\" content=\"GC Skin Medspa puede tratar problemas de tejidos profundos y mejorar el tono de su piel. Para su tratamiento de la piel asequible hoy llame al (818) 458-9556.\" \/>\n<meta property=\"og:url\" content=\"https:\/\/gcskin.com\/es\/acerca-de\/\" \/>\n<meta property=\"og:site_name\" content=\"GC Skin Medspa\" \/>\n<meta property=\"article:publisher\" content=\"https:\/\/www.facebook.com\/gcskin\" \/>\n<meta property=\"article:modified_time\" content=\"2025-09-14T00:12:05+00:00\" \/>\n<meta property=\"og:image\" content=\"https:\/\/gcskin.com\/wp-content\/uploads\/2022\/05\/GC-Skin-Medspa-About-Us-2.webp\" \/>\n\t<meta property=\"og:image:width\" content=\"2400\" \/>\n\t<meta property=\"og:image:height\" content=\"1256\" \/>\n\t<meta property=\"og:image:type\" content=\"image\/webp\" \/>\n<meta name=\"twitter:card\" content=\"summary_large_image\" \/>\n<meta name=\"twitter:label1\" content=\"Tiempo de lectura\" \/>\n\t<meta name=\"twitter:data1\" content=\"2 minutos\" \/>\n<script type=\"application\/ld+json\" class=\"yoast-schema-graph\">{\"@context\":\"https:\\\/\\\/schema.org\",\"@graph\":[{\"@type\":\"WebPage\",\"@id\":\"https:\\\/\\\/gcskin.com\\\/es\\\/acerca-de\\\/\",\"url\":\"https:\\\/\\\/gcskin.com\\\/es\\\/acerca-de\\\/\",\"name\":\"Nosotros - GC Skin Medspa\",\"isPartOf\":{\"@id\":\"https:\\\/\\\/gcskin.com\\\/es\\\/#website\"},\"primaryImageOfPage\":{\"@id\":\"https:\\\/\\\/gcskin.com\\\/es\\\/acerca-de\\\/#primaryimage\"},\"image\":{\"@id\":\"https:\\\/\\\/gcskin.com\\\/es\\\/acerca-de\\\/#primaryimage\"},\"thumbnailUrl\":\"https:\\\/\\\/gcskin.com\\\/wp-content\\\/uploads\\\/2022\\\/05\\\/GC-Skin-Medspa-About-Us-2.webp\",\"datePublished\":\"2017-12-17T18:06:43+00:00\",\"dateModified\":\"2025-09-14T00:12:05+00:00\",\"description\":\"GC Skin Medspa puede tratar problemas de tejidos profundos y mejorar el tono de su piel. Para su tratamiento de la piel asequible hoy llame al (818) 458-9556.\",\"breadcrumb\":{\"@id\":\"https:\\\/\\\/gcskin.com\\\/es\\\/acerca-de\\\/#breadcrumb\"},\"inLanguage\":\"es\",\"potentialAction\":[{\"@type\":\"ReadAction\",\"target\":[\"https:\\\/\\\/gcskin.com\\\/es\\\/acerca-de\\\/\"]}]},{\"@type\":\"ImageObject\",\"inLanguage\":\"es\",\"@id\":\"https:\\\/\\\/gcskin.com\\\/es\\\/acerca-de\\\/#primaryimage\",\"url\":\"https:\\\/\\\/gcskin.com\\\/wp-content\\\/uploads\\\/2022\\\/05\\\/GC-Skin-Medspa-About-Us-2.webp\",\"contentUrl\":\"https:\\\/\\\/gcskin.com\\\/wp-content\\\/uploads\\\/2022\\\/05\\\/GC-Skin-Medspa-About-Us-2.webp\",\"width\":2400,\"height\":1256,\"caption\":\"GC Skin Medspa Sobre Nosotros\"},{\"@type\":\"BreadcrumbList\",\"@id\":\"https:\\\/\\\/gcskin.com\\\/es\\\/acerca-de\\\/#breadcrumb\",\"itemListElement\":[{\"@type\":\"ListItem\",\"position\":1,\"name\":\"Home\",\"item\":\"https:\\\/\\\/gcskin.com\\\/es\\\/gc-skin-medspa\\\/\"},{\"@type\":\"ListItem\",\"position\":2,\"name\":\"Nosotros\"}]},{\"@type\":\"WebSite\",\"@id\":\"https:\\\/\\\/gcskin.com\\\/es\\\/#website\",\"url\":\"https:\\\/\\\/gcskin.com\\\/es\\\/\",\"name\":\"GC Skin Medspa\",\"description\":\"Best non-invasive cosmetic procedures in Sherman Oaks California\",\"publisher\":{\"@id\":\"https:\\\/\\\/gcskin.com\\\/es\\\/#organization\"},\"potentialAction\":[{\"@type\":\"SearchAction\",\"target\":{\"@type\":\"EntryPoint\",\"urlTemplate\":\"https:\\\/\\\/gcskin.com\\\/es\\\/?s={search_term_string}\"},\"query-input\":{\"@type\":\"PropertyValueSpecification\",\"valueRequired\":true,\"valueName\":\"search_term_string\"}}],\"inLanguage\":\"es\"},{\"@type\":\"Organization\",\"@id\":\"https:\\\/\\\/gcskin.com\\\/es\\\/#organization\",\"name\":\"GC Skin\",\"url\":\"https:\\\/\\\/gcskin.com\\\/es\\\/\",\"logo\":{\"@type\":\"ImageObject\",\"inLanguage\":\"es\",\"@id\":\"https:\\\/\\\/gcskin.com\\\/es\\\/#\\\/schema\\\/logo\\\/image\\\/\",\"url\":\"https:\\\/\\\/gcskin.com\\\/wp-content\\\/uploads\\\/2022\\\/05\\\/cropped-GCSkin-Medspa-logo.png\",\"contentUrl\":\"https:\\\/\\\/gcskin.com\\\/wp-content\\\/uploads\\\/2022\\\/05\\\/cropped-GCSkin-Medspa-logo.png\",\"width\":320,\"height\":106,\"caption\":\"GC Skin\"},\"image\":{\"@id\":\"https:\\\/\\\/gcskin.com\\\/es\\\/#\\\/schema\\\/logo\\\/image\\\/\"},\"sameAs\":[\"https:\\\/\\\/www.facebook.com\\\/gcskin\",\"https:\\\/\\\/www.instagram.com\\\/gc_skin\\\/\"]}]}<\/script>\n<!-- \/ Yoast SEO Premium plugin. -->","yoast_head_json":{"title":"Nosotros - GC Skin Medspa","description":"GC Skin Medspa puede tratar problemas de tejidos profundos y mejorar el tono de su piel. Para su tratamiento de la piel asequible hoy llame al (818) 458-9556.","robots":{"index":"index","follow":"follow","max-snippet":"max-snippet:-1","max-image-preview":"max-image-preview:large","max-video-preview":"max-video-preview:-1"},"canonical":"https:\/\/gcskin.com\/es\/acerca-de\/","og_locale":"es_ES","og_type":"article","og_title":"Nosotros","og_description":"GC Skin Medspa puede tratar problemas de tejidos profundos y mejorar el tono de su piel. Para su tratamiento de la piel asequible hoy llame al (818) 458-9556.","og_url":"https:\/\/gcskin.com\/es\/acerca-de\/","og_site_name":"GC Skin Medspa","article_publisher":"https:\/\/www.facebook.com\/gcskin","article_modified_time":"2025-09-14T00:12:05+00:00","og_image":[{"width":2400,"height":1256,"url":"https:\/\/gcskin.com\/wp-content\/uploads\/2022\/05\/GC-Skin-Medspa-About-Us-2.webp","type":"image\/webp"}],"twitter_card":"summary_large_image","twitter_misc":{"Tiempo de lectura":"2 minutos"},"schema":{"@context":"https:\/\/schema.org","@graph":[{"@type":"WebPage","@id":"https:\/\/gcskin.com\/es\/acerca-de\/","url":"https:\/\/gcskin.com\/es\/acerca-de\/","name":"Nosotros - GC Skin Medspa","isPartOf":{"@id":"https:\/\/gcskin.com\/es\/#website"},"primaryImageOfPage":{"@id":"https:\/\/gcskin.com\/es\/acerca-de\/#primaryimage"},"image":{"@id":"https:\/\/gcskin.com\/es\/acerca-de\/#primaryimage"},"thumbnailUrl":"https:\/\/gcskin.com\/wp-content\/uploads\/2022\/05\/GC-Skin-Medspa-About-Us-2.webp","datePublished":"2017-12-17T18:06:43+00:00","dateModified":"2025-09-14T00:12:05+00:00","description":"GC Skin Medspa puede tratar problemas de tejidos profundos y mejorar el tono de su piel. Para su tratamiento de la piel asequible hoy llame al (818) 458-9556.","breadcrumb":{"@id":"https:\/\/gcskin.com\/es\/acerca-de\/#breadcrumb"},"inLanguage":"es","potentialAction":[{"@type":"ReadAction","target":["https:\/\/gcskin.com\/es\/acerca-de\/"]}]},{"@type":"ImageObject","inLanguage":"es","@id":"https:\/\/gcskin.com\/es\/acerca-de\/#primaryimage","url":"https:\/\/gcskin.com\/wp-content\/uploads\/2022\/05\/GC-Skin-Medspa-About-Us-2.webp","contentUrl":"https:\/\/gcskin.com\/wp-content\/uploads\/2022\/05\/GC-Skin-Medspa-About-Us-2.webp","width":2400,"height":1256,"caption":"GC Skin Medspa Sobre Nosotros"},{"@type":"BreadcrumbList","@id":"https:\/\/gcskin.com\/es\/acerca-de\/#breadcrumb","itemListElement":[{"@type":"ListItem","position":1,"name":"Home","item":"https:\/\/gcskin.com\/es\/gc-skin-medspa\/"},{"@type":"ListItem","position":2,"name":"Nosotros"}]},{"@type":"WebSite","@id":"https:\/\/gcskin.com\/es\/#website","url":"https:\/\/gcskin.com\/es\/","name":"GC Skin Medspa","description":"Best non-invasive cosmetic procedures in Sherman Oaks California","publisher":{"@id":"https:\/\/gcskin.com\/es\/#organization"},"potentialAction":[{"@type":"SearchAction","target":{"@type":"EntryPoint","urlTemplate":"https:\/\/gcskin.com\/es\/?s={search_term_string}"},"query-input":{"@type":"PropertyValueSpecification","valueRequired":true,"valueName":"search_term_string"}}],"inLanguage":"es"},{"@type":"Organization","@id":"https:\/\/gcskin.com\/es\/#organization","name":"GC Skin","url":"https:\/\/gcskin.com\/es\/","logo":{"@type":"ImageObject","inLanguage":"es","@id":"https:\/\/gcskin.com\/es\/#\/schema\/logo\/image\/","url":"https:\/\/gcskin.com\/wp-content\/uploads\/2022\/05\/cropped-GCSkin-Medspa-logo.png","contentUrl":"https:\/\/gcskin.com\/wp-content\/uploads\/2022\/05\/cropped-GCSkin-Medspa-logo.png","width":320,"height":106,"caption":"GC Skin"},"image":{"@id":"https:\/\/gcskin.com\/es\/#\/schema\/logo\/image\/"},"sameAs":["https:\/\/www.facebook.com\/gcskin","https:\/\/www.instagram.com\/gc_skin\/"]}]}},"_links":{"self":[{"href":"https:\/\/gcskin.com\/es\/wp-json\/wp\/v2\/pages\/7091","targetHints":{"allow":["GET"]}}],"collection":[{"href":"https:\/\/gcskin.com\/es\/wp-json\/wp\/v2\/pages"}],"about":[{"href":"https:\/\/gcskin.com\/es\/wp-json\/wp\/v2\/types\/page"}],"author":[{"embeddable":true,"href":"https:\/\/gcskin.com\/es\/wp-json\/wp\/v2\/users\/8779"}],"replies":[{"embeddable":true,"href":"https:\/\/gcskin.com\/es\/wp-json\/wp\/v2\/comments?post=7091"}],"version-history":[{"count":13,"href":"https:\/\/gcskin.com\/es\/wp-json\/wp\/v2\/pages\/7091\/revisions"}],"predecessor-version":[{"id":15424,"href":"https:\/\/gcskin.com\/es\/wp-json\/wp\/v2\/pages\/7091\/revisions\/15424"}],"wp:featuredmedia":[{"embeddable":true,"href":"https:\/\/gcskin.com\/es\/wp-json\/wp\/v2\/media\/6899"}],"wp:attachment":[{"href":"https:\/\/gcskin.com\/es\/wp-json\/wp\/v2\/media?parent=7091"}],"curies":[{"name":"wp","href":"https:\/\/api.w.org\/{rel}","templated":true}]}}