{"id":7175,"date":"2023-01-13T22:29:21","date_gmt":"2023-01-14T06:29:21","guid":{"rendered":"https:\/\/gcskin.com\/recursos\/entrada\/"},"modified":"2023-02-16T05:30:41","modified_gmt":"2023-02-16T13:30:41","slug":"entrada","status":"publish","type":"page","link":"https:\/\/gcskin.com\/es\/acerca-de\/recursos\/entrada\/","title":{"rendered":"Forma de Registro"},"content":{"rendered":"\t\t<div data-elementor-type=\"wp-post\" data-elementor-id=\"7175\" class=\"elementor elementor-7175 elementor-6281\" data-elementor-post-type=\"page\">\n\t\t\t\t\t\t<section class=\"elementor-section elementor-top-section elementor-element elementor-element-1af1f79 elementor-section-content-middle elementor-hidden-mobile elementor-section-boxed elementor-section-height-default elementor-section-height-default\" data-id=\"1af1f79\" data-element_type=\"section\" data-e-type=\"section\" data-settings=\"{&quot;background_background&quot;:&quot;classic&quot;}\">\n\t\t\t\t\t\t\t<div class=\"elementor-background-overlay\"><\/div>\n\t\t\t\t\t\t\t<div class=\"elementor-container elementor-column-gap-no\">\n\t\t\t\t\t<div class=\"elementor-column elementor-col-100 elementor-top-column elementor-element elementor-element-8d092b6\" data-id=\"8d092b6\" data-element_type=\"column\" data-e-type=\"column\">\n\t\t\t<div class=\"elementor-widget-wrap elementor-element-populated\">\n\t\t\t\t\t\t<div class=\"elementor-element elementor-element-2f510d4 elementor-widget elementor-widget-heading\" data-id=\"2f510d4\" data-element_type=\"widget\" data-e-type=\"widget\" data-widget_type=\"heading.default\">\n\t\t\t\t\t\t\t<h1 class=\"elementor-heading-title elementor-size-default\">Forma de Registro<\/h1>\t\t\t\t<\/div>\n\t\t\t\t<div class=\"elementor-element elementor-element-ebdf12f elementor-align-center elementor-widget elementor-widget-button\" data-id=\"ebdf12f\" data-element_type=\"widget\" data-e-type=\"widget\" data-widget_type=\"button.default\">\n\t\t\t\t\t\t\t\t\t\t\t\t<a class=\"elementor-button elementor-button-link elementor-size-sm\" href=\"tel:+18184589556\">\n\t\t\t\t\t\t<span class=\"elementor-button-content-wrapper\">\n\t\t\t\t\t\t\t\t\t<span class=\"elementor-button-text\">llame al (818) 458-9556<\/span>\n\t\t\t\t\t<\/span>\n\t\t\t\t\t<\/a>\n\t\t\t\t\t\t\t\t<\/div>\n\t\t\t\t\t<\/div>\n\t\t<\/div>\n\t\t\t\t\t<\/div>\n\t\t<\/section>\n\t\t\t\t<section class=\"elementor-section elementor-top-section elementor-element elementor-element-41d2c44 elementor-section-boxed elementor-section-height-default elementor-section-height-default\" data-id=\"41d2c44\" data-element_type=\"section\" data-e-type=\"section\">\n\t\t\t\t\t\t<div class=\"elementor-container elementor-column-gap-default\">\n\t\t\t\t\t<div class=\"elementor-column elementor-col-100 elementor-top-column elementor-element elementor-element-12736d5\" data-id=\"12736d5\" data-element_type=\"column\" data-e-type=\"column\">\n\t\t\t<div class=\"elementor-widget-wrap elementor-element-populated\">\n\t\t\t\t\t\t<section class=\"elementor-section elementor-inner-section elementor-element elementor-element-ed384c0 elementor-section-boxed elementor-section-height-default elementor-section-height-default\" data-id=\"ed384c0\" data-element_type=\"section\" data-e-type=\"section\">\n\t\t\t\t\t\t<div class=\"elementor-container elementor-column-gap-default\">\n\t\t\t\t\t<div class=\"elementor-column elementor-col-100 elementor-inner-column elementor-element elementor-element-5e9734e\" data-id=\"5e9734e\" data-element_type=\"column\" data-e-type=\"column\">\n\t\t\t<div class=\"elementor-widget-wrap elementor-element-populated\">\n\t\t\t\t\t\t<div class=\"elementor-element elementor-element-ed6afef elementor-align-center elementor-widget elementor-widget-breadcrumbs\" data-id=\"ed6afef\" data-element_type=\"widget\" data-e-type=\"widget\" data-widget_type=\"breadcrumbs.default\">\n\t\t\t\t\t\t\t<p id=\"breadcrumbs\"><span><span><a href=\"https:\/\/gcskin.com\/es\/gc-skin-medspa\/\">Home<\/a><\/span><\/span><\/p>\t\t\t\t<\/div>\n\t\t\t\t\t<\/div>\n\t\t<\/div>\n\t\t\t\t\t<\/div>\n\t\t<\/section>\n\t\t\t\t\t<\/div>\n\t\t<\/div>\n\t\t\t\t\t<\/div>\n\t\t<\/section>\n\t\t\t\t<section class=\"elementor-section elementor-top-section elementor-element elementor-element-a1ccafc elementor-section-boxed elementor-section-height-default elementor-section-height-default\" data-id=\"a1ccafc\" data-element_type=\"section\" data-e-type=\"section\">\n\t\t\t\t\t\t<div class=\"elementor-container elementor-column-gap-default\">\n\t\t\t\t\t<div class=\"elementor-column elementor-col-100 elementor-top-column elementor-element elementor-element-522c2a9 animated-slow elementor-invisible\" data-id=\"522c2a9\" data-element_type=\"column\" data-e-type=\"column\" data-settings=\"{&quot;animation&quot;:&quot;fadeIn&quot;}\">\n\t\t\t<div class=\"elementor-widget-wrap elementor-element-populated\">\n\t\t\t\t\t\t<div class=\"elementor-element elementor-element-e22bc32 elementor-hidden-mobile elementor-widget elementor-widget-heading\" data-id=\"e22bc32\" data-element_type=\"widget\" data-e-type=\"widget\" data-widget_type=\"heading.default\">\n\t\t\t\t\t\t\t<h2 class=\"elementor-heading-title elementor-size-default\">Antes de visitar GC Skin, t\u00f3mese su tiempo para llenar la forma de registro.<\/h2>\t\t\t\t<\/div>\n\t\t\t\t<div class=\"elementor-element elementor-element-4edae62 elementor-widget__width-initial elementor-widget-mobile__width-inherit elementor-widget elementor-widget-image\" data-id=\"4edae62\" data-element_type=\"widget\" data-e-type=\"widget\" data-widget_type=\"image.default\">\n\t\t\t\t\t\t\t\t\t\t\t\t\t\t\t\t\t<img fetchpriority=\"high\" decoding=\"async\" width=\"600\" height=\"650\" src=\"https:\/\/gcskin.com\/wp-content\/uploads\/2023\/01\/GCSkin-intake-form.webp\" class=\"attachment-large size-large wp-image-7058\" alt=\"\" srcset=\"https:\/\/gcskin.com\/wp-content\/uploads\/2023\/01\/GCSkin-intake-form.webp 600w, https:\/\/gcskin.com\/wp-content\/uploads\/2023\/01\/GCSkin-intake-form-277x300.webp 277w\" sizes=\"(max-width: 600px) 100vw, 600px\" \/>\t\t\t\t\t\t\t\t\t\t\t\t\t\t\t<\/div>\n\t\t\t\t<div class=\"elementor-element elementor-element-dd0a933 elementor-widget__width-initial elementor-widget-mobile__width-inherit elementor-hidden-mobile elementor-widget elementor-widget-text-editor\" data-id=\"dd0a933\" data-element_type=\"widget\" data-e-type=\"widget\" data-widget_type=\"text-editor.default\">\n\t\t\t\t\t\t\t\t\t\t\t<p>En GC Skin, le damos la bienvenida a una experiencia de spa m\u00e9dico c\u00f3moda, agradable y significativa. Ahorre tiempo antes de su cita con GC Skin llenando nuestra forma de registro para que nuestros expertos puedan ofrecerle una consulta exhaustiva y personalizar un plan de tratamiento para sus necesidades. Simplemente haga clic en el enlace, llene, firme y envie la forma antes de su primera cita.<\/p>\n\t\t\t\t\t\t\t\t<\/div>\n\t\t\t\t<div class=\"elementor-element elementor-element-c81b313 elementor-align-center elementor-widget__width-inherit elementor-widget elementor-widget-button\" data-id=\"c81b313\" data-element_type=\"widget\" data-e-type=\"widget\" data-widget_type=\"button.default\">\n\t\t\t\t\t\t\t\t\t\t\t\t<a class=\"elementor-button elementor-button-link elementor-size-sm\" href=\"https:\/\/hipaa.jotform.com\/221966373963165\">\n\t\t\t\t\t\t<span class=\"elementor-button-content-wrapper\">\n\t\t\t\t\t\t<span class=\"elementor-button-icon\">\n\t\t\t\t<svg aria-hidden=\"true\" class=\"e-font-icon-svg e-fab-wpforms\" viewBox=\"0 0 448 512\" xmlns=\"http:\/\/www.w3.org\/2000\/svg\"><path d=\"M448 75.2v361.7c0 24.3-19 43.2-43.2 43.2H43.2C19.3 480 0 461.4 0 436.8V75.2C0 51.1 18.8 32 43.2 32h361.7c24 0 43.1 18.8 43.1 43.2zm-37.3 361.6V75.2c0-3-2.6-5.8-5.8-5.8h-9.3L285.3 144 224 94.1 162.8 144 52.5 69.3h-9.3c-3.2 0-5.8 2.8-5.8 5.8v361.7c0 3 2.6 5.8 5.8 5.8h361.7c3.2.1 5.8-2.7 5.8-5.8zM150.2 186v37H76.7v-37h73.5zm0 74.4v37.3H76.7v-37.3h73.5zm11.1-147.3l54-43.7H96.8l64.5 43.7zm210 72.9v37h-196v-37h196zm0 74.4v37.3h-196v-37.3h196zm-84.6-147.3l64.5-43.7H232.8l53.9 43.7zM371.3 335v37.3h-99.4V335h99.4z\"><\/path><\/svg>\t\t\t<\/span>\n\t\t\t\t\t\t\t\t\t<span class=\"elementor-button-text\">Forma de Registro<\/span>\n\t\t\t\t\t<\/span>\n\t\t\t\t\t<\/a>\n\t\t\t\t\t\t\t\t<\/div>\n\t\t\t\t<div class=\"elementor-element elementor-element-4f55df0 uael-nav-menu__align-justify uael-nav-menu__breakpoint-none uael-submenu-open-hover uael-submenu-icon-arrow uael-submenu-animation-none uael-link-redirect-child elementor-widget elementor-widget-uael-nav-menu\" data-id=\"4f55df0\" data-element_type=\"widget\" data-e-type=\"widget\" data-settings=\"{&quot;distance_from_menu&quot;:{&quot;unit&quot;:&quot;px&quot;,&quot;size&quot;:&quot;&quot;,&quot;sizes&quot;:[]},&quot;distance_from_menu_tablet&quot;:{&quot;unit&quot;:&quot;px&quot;,&quot;size&quot;:&quot;&quot;,&quot;sizes&quot;:[]},&quot;distance_from_menu_mobile&quot;:{&quot;unit&quot;:&quot;px&quot;,&quot;size&quot;:&quot;&quot;,&quot;sizes&quot;:[]}}\" data-widget_type=\"uael-nav-menu.default\">\n\t\t\t\t\t\t<div class=\"elementor-widget-container\">\n\t\t\t\t\t\t\t<div class=\"uael-nav-menu uael-layout-horizontal uael-nav-menu-layout uael-pointer__double-line uael-animation__fade\" data-layout=\"horizontal\">\n\t\t\t\t<div role=\"button\" class=\"uael-nav-menu__toggle elementor-clickable\">\n\t\t\t\t\t<span class=\"screen-reader-text\">Main Menu<\/span>\n\t\t\t\t\t<div class=\"uael-nav-menu-icon\">\n\t\t\t\t\t\t\t\t\t\t\t<\/div>\n\t\t\t\t\t\t\t\t\t<\/div>\n\t\t\t\t\t\t\t<nav class=\"uael-nav-menu__layout-horizontal uael-nav-menu__submenu-arrow\" data-toggle-icon=\"\" data-close-icon=\"\" data-full-width=\"\"><ul id=\"menu-1-4f55df0\" class=\"uael-nav-menu\"><li id=\"menu-item-6313\" class=\"menu-item menu-item-type-post_type menu-item-object-page parent uael-creative-menu\"><a href=\"https:\/\/gcskin.com\/about\/resources\/intake\/\" class = \"uael-menu-item\">Forma de Registro<\/a><\/li>\n<li id=\"menu-item-6349\" class=\"menu-item menu-item-type-post_type menu-item-object-page parent uael-creative-menu\"><a href=\"https:\/\/gcskin.com\/about\/resources\/handouts\/\" class = \"uael-menu-item\">Instrucciones para antes y despu\u00e9s<\/a><\/li>\n<li id=\"menu-item-6346\" class=\"menu-item menu-item-type-post_type menu-item-object-page parent uael-creative-menu\"><a href=\"https:\/\/gcskin.com\/about\/resources\/membership\/\" class = \"uael-menu-item\">Membres\u00eda<\/a><\/li>\n<li id=\"menu-item-6345\" class=\"menu-item menu-item-type-post_type menu-item-object-page parent uael-creative-menu\"><a href=\"https:\/\/gcskin.com\/about\/resources\/financing\/\" class = \"uael-menu-item\">Financiamiento<\/a><\/li>\n<li id=\"menu-item-6348\" class=\"menu-item menu-item-type-post_type menu-item-object-page parent uael-creative-menu\"><a href=\"https:\/\/gcskin.com\/about\/resources\/terms-of-service\/\" class = \"uael-menu-item\">Acuerdo de servicio<\/a><\/li>\n<li id=\"menu-item-6350\" class=\"menu-item menu-item-type-post_type menu-item-object-page parent uael-creative-menu\"><a href=\"https:\/\/gcskin.com\/about\/resources\/privacy-policy\/\" class = \"uael-menu-item\">Pol\u00edtica de privacidad<\/a><\/li>\n<li id=\"menu-item-6347\" class=\"menu-item menu-item-type-post_type menu-item-object-page parent uael-creative-menu\"><a href=\"https:\/\/gcskin.com\/about\/resources\/sitemap\/\" class = \"uael-menu-item\">Mapa del sitio<\/a><\/li>\n<\/ul><\/nav>\n\t\t\t\t\t<\/div>\n\t\t\t\t\t\t\t<\/div>\n\t\t\t\t<\/div>\n\t\t\t\t\t<\/div>\n\t\t<\/div>\n\t\t\t\t\t<\/div>\n\t\t<\/section>\n\t\t\t\t<section class=\"elementor-section elementor-top-section elementor-element elementor-element-286f74a elementor-section-full_width elementor-section-height-default elementor-section-height-default\" data-id=\"286f74a\" data-element_type=\"section\" data-e-type=\"section\" data-settings=\"{&quot;background_background&quot;:&quot;classic&quot;}\">\n\t\t\t\t\t\t<div class=\"elementor-container elementor-column-gap-no\">\n\t\t\t\t\t<div class=\"elementor-column elementor-col-100 elementor-top-column elementor-element elementor-element-38ea53b\" data-id=\"38ea53b\" data-element_type=\"column\" data-e-type=\"column\">\n\t\t\t<div class=\"elementor-widget-wrap elementor-element-populated\">\n\t\t\t\t\t\t<div class=\"elementor-element elementor-element-c4e7b14 elementor-cta--skin-classic elementor-animated-content elementor-bg-transform elementor-bg-transform-zoom-in elementor-widget elementor-widget-call-to-action\" data-id=\"c4e7b14\" data-element_type=\"widget\" data-e-type=\"widget\" data-widget_type=\"call-to-action.default\">\n\t\t\t\t\t\t\t\t\t<a class=\"elementor-cta\" href=\"tel:+18184589556\">\n\t\t\t\t\t\t\t<div class=\"elementor-cta__content\">\n\t\t\t\t\n\t\t\t\t\n\t\t\t\t\t\t\t\t\t<div class=\"elementor-cta__description elementor-cta__content-item elementor-content-item\">\n\t\t\t\t\t\t<p>Si necesita alojamiento para un d\u00eda u hora diferentes, llame a nuestra oficina para que podamos ayudarle a concertar una hora que le resulte m\u00e1s conveniente.<\/p>\n\t\t\t\t\t<\/div>\n\t\t\t\t\n\t\t\t\t\t\t\t\t\t<div class=\"elementor-cta__button-wrapper elementor-cta__content-item elementor-content-item \">\n\t\t\t\t\t<span class=\"elementor-cta__button elementor-button elementor-size-\">\n\t\t\t\t\t\tLLAME AL (818) 458-9556\t\t\t\t\t<\/span>\n\t\t\t\t\t<\/div>\n\t\t\t\t\t\t\t<\/div>\n\t\t\t\t\t\t<\/a>\n\t\t\t\t\t\t<\/div>\n\t\t\t\t\t<\/div>\n\t\t<\/div>\n\t\t\t\t\t<\/div>\n\t\t<\/section>\n\t\t\t\t<\/div>\n\t\t","protected":false},"excerpt":{"rendered":"<p>Forma de Registro llame al (818) 458-9556 Antes de visitar GC Skin, t\u00f3mese su tiempo para llenar la forma de registro. En GC Skin, le damos la bienvenida a una experiencia de spa m\u00e9dico c\u00f3moda, agradable y significativa. Ahorre tiempo antes de su cita con GC Skin llenando nuestra forma de registro para que nuestros [&hellip;]<\/p>\n","protected":false},"author":8779,"featured_media":7058,"parent":7153,"menu_order":0,"comment_status":"closed","ping_status":"closed","template":"","meta":{"site-sidebar-layout":"no-sidebar","site-content-layout":"page-builder","ast-site-content-layout":"default","site-content-style":"default","site-sidebar-style":"default","ast-global-header-display":"","ast-banner-title-visibility":"","ast-main-header-display":"","ast-hfb-above-header-display":"","ast-hfb-below-header-display":"","ast-hfb-mobile-header-display":"","site-post-title":"disabled","ast-breadcrumbs-content":null,"ast-featured-img":"disabled","footer-sml-layout":"","ast-disable-related-posts":"","theme-transparent-header-meta":"enabled","adv-header-id-meta":"","stick-header-meta":"","header-above-stick-meta":null,"header-main-stick-meta":"","header-below-stick-meta":"","astra-migrate-meta-layouts":"default","ast-page-background-enabled":"default","ast-page-background-meta":{"desktop":{"background-color":"","background-image":"","background-repeat":"repeat","background-position":"center center","background-size":"auto","background-attachment":"scroll","background-type":"","background-media":"","overlay-type":"","overlay-color":"","overlay-opacity":"","overlay-gradient":""},"tablet":{"background-color":"","background-image":"","background-repeat":"repeat","background-position":"center center","background-size":"auto","background-attachment":"scroll","background-type":"","background-media":"","overlay-type":"","overlay-color":"","overlay-opacity":"","overlay-gradient":""},"mobile":{"background-color":"","background-image":"","background-repeat":"repeat","background-position":"center center","background-size":"auto","background-attachment":"scroll","background-type":"","background-media":"","overlay-type":"","overlay-color":"","overlay-opacity":"","overlay-gradient":""}},"ast-content-background-meta":{"desktop":{"background-color":"var(--ast-global-color-5)","background-image":"","background-repeat":"repeat","background-position":"center center","background-size":"auto","background-attachment":"scroll","background-type":"","background-media":"","overlay-type":"","overlay-color":"","overlay-opacity":"","overlay-gradient":""},"tablet":{"background-color":"var(--ast-global-color-5)","background-image":"","background-repeat":"repeat","background-position":"center center","background-size":"auto","background-attachment":"scroll","background-type":"","background-media":"","overlay-type":"","overlay-color":"","overlay-opacity":"","overlay-gradient":""},"mobile":{"background-color":"var(--ast-global-color-5)","background-image":"","background-repeat":"repeat","background-position":"center center","background-size":"auto","background-attachment":"scroll","background-type":"","background-media":"","overlay-type":"","overlay-color":"","overlay-opacity":"","overlay-gradient":""}},"footnotes":""},"class_list":["post-7175","page","type-page","status-publish","has-post-thumbnail","hentry"],"yoast_head":"<!-- This site is optimized with the Yoast SEO Premium plugin v27.3 (Yoast SEO v27.3) - https:\/\/yoast.com\/product\/yoast-seo-premium-wordpress\/ -->\n<title>Forma de Registro - GC Skin Medspa<\/title>\n<meta name=\"robots\" content=\"index, follow, max-snippet:-1, max-image-preview:large, max-video-preview:-1\" \/>\n<link rel=\"canonical\" href=\"https:\/\/gcskin.com\/es\/acerca-de\/recursos\/entrada\/\" \/>\n<meta property=\"og:locale\" content=\"es_ES\" \/>\n<meta property=\"og:type\" content=\"article\" \/>\n<meta property=\"og:title\" content=\"Forma de Registro\" \/>\n<meta property=\"og:description\" content=\"Forma de Registro llame al (818) 458-9556 Antes de visitar GC Skin, t\u00f3mese su tiempo para llenar la forma de registro. En GC Skin, le damos la bienvenida a una experiencia de spa m\u00e9dico c\u00f3moda, agradable y significativa. Ahorre tiempo antes de su cita con GC Skin llenando nuestra forma de registro para que nuestros [&hellip;]\" \/>\n<meta property=\"og:url\" content=\"https:\/\/gcskin.com\/es\/acerca-de\/recursos\/entrada\/\" \/>\n<meta property=\"og:site_name\" content=\"GC Skin Medspa\" \/>\n<meta property=\"article:publisher\" content=\"https:\/\/www.facebook.com\/gcskin\" \/>\n<meta property=\"article:modified_time\" content=\"2023-02-16T13:30:41+00:00\" \/>\n<meta property=\"og:image\" content=\"https:\/\/gcskin.com\/wp-content\/uploads\/2023\/01\/GCSkin-intake-form.webp\" \/>\n\t<meta property=\"og:image:width\" content=\"600\" \/>\n\t<meta property=\"og:image:height\" content=\"650\" \/>\n\t<meta property=\"og:image:type\" content=\"image\/webp\" \/>\n<meta name=\"twitter:card\" content=\"summary_large_image\" \/>\n<meta name=\"twitter:label1\" content=\"Tiempo de lectura\" \/>\n\t<meta name=\"twitter:data1\" content=\"1 minuto\" \/>\n<script type=\"application\/ld+json\" class=\"yoast-schema-graph\">{\"@context\":\"https:\\\/\\\/schema.org\",\"@graph\":[{\"@type\":\"WebPage\",\"@id\":\"https:\\\/\\\/gcskin.com\\\/es\\\/acerca-de\\\/recursos\\\/entrada\\\/\",\"url\":\"https:\\\/\\\/gcskin.com\\\/es\\\/acerca-de\\\/recursos\\\/entrada\\\/\",\"name\":\"Forma de Registro - GC Skin Medspa\",\"isPartOf\":{\"@id\":\"https:\\\/\\\/gcskin.com\\\/es\\\/#website\"},\"primaryImageOfPage\":{\"@id\":\"https:\\\/\\\/gcskin.com\\\/es\\\/acerca-de\\\/recursos\\\/entrada\\\/#primaryimage\"},\"image\":{\"@id\":\"https:\\\/\\\/gcskin.com\\\/es\\\/acerca-de\\\/recursos\\\/entrada\\\/#primaryimage\"},\"thumbnailUrl\":\"https:\\\/\\\/gcskin.com\\\/wp-content\\\/uploads\\\/2023\\\/01\\\/GCSkin-intake-form.webp\",\"datePublished\":\"2023-01-14T06:29:21+00:00\",\"dateModified\":\"2023-02-16T13:30:41+00:00\",\"breadcrumb\":{\"@id\":\"https:\\\/\\\/gcskin.com\\\/es\\\/acerca-de\\\/recursos\\\/entrada\\\/#breadcrumb\"},\"inLanguage\":\"es\",\"potentialAction\":[{\"@type\":\"ReadAction\",\"target\":[\"https:\\\/\\\/gcskin.com\\\/es\\\/acerca-de\\\/recursos\\\/entrada\\\/\"]}]},{\"@type\":\"ImageObject\",\"inLanguage\":\"es\",\"@id\":\"https:\\\/\\\/gcskin.com\\\/es\\\/acerca-de\\\/recursos\\\/entrada\\\/#primaryimage\",\"url\":\"https:\\\/\\\/gcskin.com\\\/wp-content\\\/uploads\\\/2023\\\/01\\\/GCSkin-intake-form.webp\",\"contentUrl\":\"https:\\\/\\\/gcskin.com\\\/wp-content\\\/uploads\\\/2023\\\/01\\\/GCSkin-intake-form.webp\",\"width\":600,\"height\":650},{\"@type\":\"BreadcrumbList\",\"@id\":\"https:\\\/\\\/gcskin.com\\\/es\\\/acerca-de\\\/recursos\\\/entrada\\\/#breadcrumb\",\"itemListElement\":[{\"@type\":\"ListItem\",\"position\":1,\"name\":\"Home\",\"item\":\"https:\\\/\\\/gcskin.com\\\/es\\\/gc-skin-medspa\\\/\"},{\"@type\":\"ListItem\",\"position\":2,\"name\":\"Nosotros\",\"item\":\"https:\\\/\\\/gcskin.com\\\/es\\\/acerca-de\\\/\"},{\"@type\":\"ListItem\",\"position\":3,\"name\":\"Recursos\",\"item\":\"https:\\\/\\\/gcskin.com\\\/es\\\/acerca-de\\\/recursos\\\/\"},{\"@type\":\"ListItem\",\"position\":4,\"name\":\"Forma de Registro\"}]},{\"@type\":\"WebSite\",\"@id\":\"https:\\\/\\\/gcskin.com\\\/es\\\/#website\",\"url\":\"https:\\\/\\\/gcskin.com\\\/es\\\/\",\"name\":\"GC Skin Medspa\",\"description\":\"Best non-invasive cosmetic procedures in Sherman Oaks California\",\"publisher\":{\"@id\":\"https:\\\/\\\/gcskin.com\\\/es\\\/#organization\"},\"potentialAction\":[{\"@type\":\"SearchAction\",\"target\":{\"@type\":\"EntryPoint\",\"urlTemplate\":\"https:\\\/\\\/gcskin.com\\\/es\\\/?s={search_term_string}\"},\"query-input\":{\"@type\":\"PropertyValueSpecification\",\"valueRequired\":true,\"valueName\":\"search_term_string\"}}],\"inLanguage\":\"es\"},{\"@type\":\"Organization\",\"@id\":\"https:\\\/\\\/gcskin.com\\\/es\\\/#organization\",\"name\":\"GC Skin\",\"url\":\"https:\\\/\\\/gcskin.com\\\/es\\\/\",\"logo\":{\"@type\":\"ImageObject\",\"inLanguage\":\"es\",\"@id\":\"https:\\\/\\\/gcskin.com\\\/es\\\/#\\\/schema\\\/logo\\\/image\\\/\",\"url\":\"https:\\\/\\\/gcskin.com\\\/wp-content\\\/uploads\\\/2022\\\/05\\\/cropped-GCSkin-Medspa-logo.png\",\"contentUrl\":\"https:\\\/\\\/gcskin.com\\\/wp-content\\\/uploads\\\/2022\\\/05\\\/cropped-GCSkin-Medspa-logo.png\",\"width\":320,\"height\":106,\"caption\":\"GC Skin\"},\"image\":{\"@id\":\"https:\\\/\\\/gcskin.com\\\/es\\\/#\\\/schema\\\/logo\\\/image\\\/\"},\"sameAs\":[\"https:\\\/\\\/www.facebook.com\\\/gcskin\",\"https:\\\/\\\/www.instagram.com\\\/gc_skin\\\/\"]}]}<\/script>\n<!-- \/ Yoast SEO Premium plugin. -->","yoast_head_json":{"title":"Forma de Registro - GC Skin Medspa","robots":{"index":"index","follow":"follow","max-snippet":"max-snippet:-1","max-image-preview":"max-image-preview:large","max-video-preview":"max-video-preview:-1"},"canonical":"https:\/\/gcskin.com\/es\/acerca-de\/recursos\/entrada\/","og_locale":"es_ES","og_type":"article","og_title":"Forma de Registro","og_description":"Forma de Registro llame al (818) 458-9556 Antes de visitar GC Skin, t\u00f3mese su tiempo para llenar la forma de registro. En GC Skin, le damos la bienvenida a una experiencia de spa m\u00e9dico c\u00f3moda, agradable y significativa. Ahorre tiempo antes de su cita con GC Skin llenando nuestra forma de registro para que nuestros [&hellip;]","og_url":"https:\/\/gcskin.com\/es\/acerca-de\/recursos\/entrada\/","og_site_name":"GC Skin Medspa","article_publisher":"https:\/\/www.facebook.com\/gcskin","article_modified_time":"2023-02-16T13:30:41+00:00","og_image":[{"width":600,"height":650,"url":"https:\/\/gcskin.com\/wp-content\/uploads\/2023\/01\/GCSkin-intake-form.webp","type":"image\/webp"}],"twitter_card":"summary_large_image","twitter_misc":{"Tiempo de lectura":"1 minuto"},"schema":{"@context":"https:\/\/schema.org","@graph":[{"@type":"WebPage","@id":"https:\/\/gcskin.com\/es\/acerca-de\/recursos\/entrada\/","url":"https:\/\/gcskin.com\/es\/acerca-de\/recursos\/entrada\/","name":"Forma de Registro - GC Skin Medspa","isPartOf":{"@id":"https:\/\/gcskin.com\/es\/#website"},"primaryImageOfPage":{"@id":"https:\/\/gcskin.com\/es\/acerca-de\/recursos\/entrada\/#primaryimage"},"image":{"@id":"https:\/\/gcskin.com\/es\/acerca-de\/recursos\/entrada\/#primaryimage"},"thumbnailUrl":"https:\/\/gcskin.com\/wp-content\/uploads\/2023\/01\/GCSkin-intake-form.webp","datePublished":"2023-01-14T06:29:21+00:00","dateModified":"2023-02-16T13:30:41+00:00","breadcrumb":{"@id":"https:\/\/gcskin.com\/es\/acerca-de\/recursos\/entrada\/#breadcrumb"},"inLanguage":"es","potentialAction":[{"@type":"ReadAction","target":["https:\/\/gcskin.com\/es\/acerca-de\/recursos\/entrada\/"]}]},{"@type":"ImageObject","inLanguage":"es","@id":"https:\/\/gcskin.com\/es\/acerca-de\/recursos\/entrada\/#primaryimage","url":"https:\/\/gcskin.com\/wp-content\/uploads\/2023\/01\/GCSkin-intake-form.webp","contentUrl":"https:\/\/gcskin.com\/wp-content\/uploads\/2023\/01\/GCSkin-intake-form.webp","width":600,"height":650},{"@type":"BreadcrumbList","@id":"https:\/\/gcskin.com\/es\/acerca-de\/recursos\/entrada\/#breadcrumb","itemListElement":[{"@type":"ListItem","position":1,"name":"Home","item":"https:\/\/gcskin.com\/es\/gc-skin-medspa\/"},{"@type":"ListItem","position":2,"name":"Nosotros","item":"https:\/\/gcskin.com\/es\/acerca-de\/"},{"@type":"ListItem","position":3,"name":"Recursos","item":"https:\/\/gcskin.com\/es\/acerca-de\/recursos\/"},{"@type":"ListItem","position":4,"name":"Forma de Registro"}]},{"@type":"WebSite","@id":"https:\/\/gcskin.com\/es\/#website","url":"https:\/\/gcskin.com\/es\/","name":"GC Skin Medspa","description":"Best non-invasive cosmetic procedures in Sherman Oaks California","publisher":{"@id":"https:\/\/gcskin.com\/es\/#organization"},"potentialAction":[{"@type":"SearchAction","target":{"@type":"EntryPoint","urlTemplate":"https:\/\/gcskin.com\/es\/?s={search_term_string}"},"query-input":{"@type":"PropertyValueSpecification","valueRequired":true,"valueName":"search_term_string"}}],"inLanguage":"es"},{"@type":"Organization","@id":"https:\/\/gcskin.com\/es\/#organization","name":"GC Skin","url":"https:\/\/gcskin.com\/es\/","logo":{"@type":"ImageObject","inLanguage":"es","@id":"https:\/\/gcskin.com\/es\/#\/schema\/logo\/image\/","url":"https:\/\/gcskin.com\/wp-content\/uploads\/2022\/05\/cropped-GCSkin-Medspa-logo.png","contentUrl":"https:\/\/gcskin.com\/wp-content\/uploads\/2022\/05\/cropped-GCSkin-Medspa-logo.png","width":320,"height":106,"caption":"GC Skin"},"image":{"@id":"https:\/\/gcskin.com\/es\/#\/schema\/logo\/image\/"},"sameAs":["https:\/\/www.facebook.com\/gcskin","https:\/\/www.instagram.com\/gc_skin\/"]}]}},"_links":{"self":[{"href":"https:\/\/gcskin.com\/es\/wp-json\/wp\/v2\/pages\/7175","targetHints":{"allow":["GET"]}}],"collection":[{"href":"https:\/\/gcskin.com\/es\/wp-json\/wp\/v2\/pages"}],"about":[{"href":"https:\/\/gcskin.com\/es\/wp-json\/wp\/v2\/types\/page"}],"author":[{"embeddable":true,"href":"https:\/\/gcskin.com\/es\/wp-json\/wp\/v2\/users\/8779"}],"replies":[{"embeddable":true,"href":"https:\/\/gcskin.com\/es\/wp-json\/wp\/v2\/comments?post=7175"}],"version-history":[{"count":0,"href":"https:\/\/gcskin.com\/es\/wp-json\/wp\/v2\/pages\/7175\/revisions"}],"up":[{"embeddable":true,"href":"https:\/\/gcskin.com\/es\/wp-json\/wp\/v2\/pages\/7153"}],"wp:featuredmedia":[{"embeddable":true,"href":"https:\/\/gcskin.com\/es\/wp-json\/wp\/v2\/media\/7058"}],"wp:attachment":[{"href":"https:\/\/gcskin.com\/es\/wp-json\/wp\/v2\/media?parent=7175"}],"curies":[{"name":"wp","href":"https:\/\/api.w.org\/{rel}","templated":true}]}}