{"id":7226,"date":"2023-01-13T22:37:47","date_gmt":"2023-01-14T06:37:47","guid":{"rendered":"https:\/\/gcskin.com\/recursos\/condiciones-de-servicio\/"},"modified":"2023-02-16T05:37:33","modified_gmt":"2023-02-16T13:37:33","slug":"condiciones-de-servicio","status":"publish","type":"page","link":"https:\/\/gcskin.com\/es\/acerca-de\/recursos\/condiciones-de-servicio\/","title":{"rendered":"Acuerdo de servicio"},"content":{"rendered":"\t\t<div data-elementor-type=\"wp-post\" data-elementor-id=\"7226\" class=\"elementor elementor-7226 elementor-6291\" data-elementor-post-type=\"page\">\n\t\t\t\t\t\t<section class=\"elementor-section elementor-top-section elementor-element elementor-element-1af1f79 elementor-section-content-middle elementor-hidden-mobile elementor-section-boxed elementor-section-height-default elementor-section-height-default\" data-id=\"1af1f79\" data-element_type=\"section\" data-e-type=\"section\" data-settings=\"{&quot;background_background&quot;:&quot;classic&quot;}\">\n\t\t\t\t\t\t\t<div class=\"elementor-background-overlay\"><\/div>\n\t\t\t\t\t\t\t<div class=\"elementor-container elementor-column-gap-no\">\n\t\t\t\t\t<div class=\"elementor-column elementor-col-100 elementor-top-column elementor-element elementor-element-8d092b6\" data-id=\"8d092b6\" data-element_type=\"column\" data-e-type=\"column\">\n\t\t\t<div class=\"elementor-widget-wrap elementor-element-populated\">\n\t\t\t\t\t\t<div class=\"elementor-element elementor-element-2f510d4 elementor-widget elementor-widget-heading\" data-id=\"2f510d4\" data-element_type=\"widget\" data-e-type=\"widget\" data-widget_type=\"heading.default\">\n\t\t\t\t\t\t\t<h1 class=\"elementor-heading-title elementor-size-default\">Acuerdo de servicio<\/h1>\t\t\t\t<\/div>\n\t\t\t\t<div class=\"elementor-element elementor-element-ebdf12f elementor-align-center elementor-widget elementor-widget-button\" data-id=\"ebdf12f\" data-element_type=\"widget\" data-e-type=\"widget\" data-widget_type=\"button.default\">\n\t\t\t\t\t\t\t\t\t\t\t\t<a class=\"elementor-button elementor-button-link elementor-size-sm\" href=\"tel:+18184589556\">\n\t\t\t\t\t\t<span class=\"elementor-button-content-wrapper\">\n\t\t\t\t\t\t\t\t\t<span class=\"elementor-button-text\">llame al (818) 458-9556<\/span>\n\t\t\t\t\t<\/span>\n\t\t\t\t\t<\/a>\n\t\t\t\t\t\t\t\t<\/div>\n\t\t\t\t\t<\/div>\n\t\t<\/div>\n\t\t\t\t\t<\/div>\n\t\t<\/section>\n\t\t\t\t<section class=\"elementor-section elementor-top-section elementor-element elementor-element-41d2c44 elementor-section-boxed elementor-section-height-default elementor-section-height-default\" data-id=\"41d2c44\" data-element_type=\"section\" data-e-type=\"section\">\n\t\t\t\t\t\t<div class=\"elementor-container elementor-column-gap-default\">\n\t\t\t\t\t<div class=\"elementor-column elementor-col-100 elementor-top-column elementor-element elementor-element-12736d5\" data-id=\"12736d5\" data-element_type=\"column\" data-e-type=\"column\">\n\t\t\t<div class=\"elementor-widget-wrap elementor-element-populated\">\n\t\t\t\t\t\t<section class=\"elementor-section elementor-inner-section elementor-element elementor-element-ed384c0 elementor-section-boxed elementor-section-height-default elementor-section-height-default\" data-id=\"ed384c0\" data-element_type=\"section\" data-e-type=\"section\">\n\t\t\t\t\t\t<div class=\"elementor-container elementor-column-gap-default\">\n\t\t\t\t\t<div class=\"elementor-column elementor-col-100 elementor-inner-column elementor-element elementor-element-5e9734e\" data-id=\"5e9734e\" data-element_type=\"column\" data-e-type=\"column\">\n\t\t\t<div class=\"elementor-widget-wrap elementor-element-populated\">\n\t\t\t\t\t\t<div class=\"elementor-element elementor-element-ed6afef elementor-align-center elementor-widget elementor-widget-breadcrumbs\" data-id=\"ed6afef\" data-element_type=\"widget\" data-e-type=\"widget\" data-widget_type=\"breadcrumbs.default\">\n\t\t\t\t\t\t\t<p id=\"breadcrumbs\"><span><span><a href=\"https:\/\/gcskin.com\/es\/gc-skin-medspa\/\">Home<\/a><\/span><\/span><\/p>\t\t\t\t<\/div>\n\t\t\t\t\t<\/div>\n\t\t<\/div>\n\t\t\t\t\t<\/div>\n\t\t<\/section>\n\t\t\t\t\t<\/div>\n\t\t<\/div>\n\t\t\t\t\t<\/div>\n\t\t<\/section>\n\t\t\t\t<section class=\"elementor-section elementor-top-section elementor-element elementor-element-a1ccafc elementor-section-boxed elementor-section-height-default elementor-section-height-default\" data-id=\"a1ccafc\" data-element_type=\"section\" data-e-type=\"section\">\n\t\t\t\t\t\t<div class=\"elementor-container elementor-column-gap-default\">\n\t\t\t\t\t<div class=\"elementor-column elementor-col-100 elementor-top-column elementor-element elementor-element-522c2a9 animated-slow elementor-invisible\" data-id=\"522c2a9\" data-element_type=\"column\" data-e-type=\"column\" data-settings=\"{&quot;animation&quot;:&quot;fadeIn&quot;}\">\n\t\t\t<div class=\"elementor-widget-wrap elementor-element-populated\">\n\t\t\t\t\t\t<div class=\"elementor-element elementor-element-dd0a933 elementor-widget elementor-widget-text-editor\" data-id=\"dd0a933\" data-element_type=\"widget\" data-e-type=\"widget\" data-widget_type=\"text-editor.default\">\n\t\t\t\t\t\t\t\t\t\t\t<p><strong>POL\u00cdTICA DE CANCELACI\u00d3N:  <\/strong><\/p>\n<p>Requerimos que las cancelaciones se realicen con al menos 24 horas de antelaci\u00f3n a la hora de su cita programada. Somos conscientes de que las emergencias ocurren; sin embargo, debemos cubrir nuestros gastos. Habr\u00e1 un cargo de $50 por cancelaciones con menos de 24 horas de anticipaci\u00f3n por cada 30 minutos de tiempo de cita reservada, si usted tiene una serie, el servicio de esta serie ser\u00e1 deducido lo que sea menor de los dos. Al concertar una cita, acepta nuestra pol\u00edtica de cancelaci\u00f3n. Las cancelaciones para las citas de los lunes deber\u00e1n realizarse antes del s\u00e1bado a las 14.00 horas. Le agradecemos su comprensi\u00f3n.<\/p>\n<p><strong>POL\u00cdTICA DE RETRASOS:<\/strong><\/p>\n<p>Su cita est\u00e1 reservada exclusivamente para usted. Si su hora de llegada es 15 minutos o m\u00e1s tarde de su cita programada, esto puede resultar en una cita acortada. Nos reservamos el derecho de reprogramar su servicio.<\/p>\n<p><strong>POL\u00cdTICA DE NO PRESENTACI\u00d3N:<\/strong><\/p>\n<p>Habr\u00e1 un cargo de $50 por cancelaciones con menos de 24 horas de anticipaci\u00f3n, si usted tiene una serie, el servicio de esta serie se deducir\u00e1 el que sea menor de los dos. Si tiene una tarjeta regalo, el importe se deducir\u00eda de la tarjeta regalo.<\/p>\n<p><strong>PAGOS\/DEVOLUCIONES:<\/strong><\/p>\n<p>El pago de todos los procedimientos en GC Skin debe realizarse en el momento de la visita y no es reembolsable. Todas las ventas son definitivas; sin embargo, GC Skin tiene una pol\u00edtica de cambios que le ofrece opciones en caso de que surja la necesidad. Si desea interrumpir el tratamiento en mitad de una serie, se le abonar\u00e1 la parte proporcional de los tratamientos no utilizados. Los tratamientos que ya se hayan realizado se cobrar\u00e1n al precio de tratamiento \u00fanico vigente para calcular el cr\u00e9dito restante. Este cr\u00e9dito puede utilizarse para adquirir otros tratamientos, no productos, ofrecidos por GC Skin.<\/p>\n<p><strong>PRECIOS:<\/strong><\/p>\n<p>Los precios pueden variar sin previo aviso.<\/p>\n\t\t\t\t\t\t\t\t<\/div>\n\t\t\t\t<div class=\"elementor-element elementor-element-706e5f3 uael-nav-menu__align-justify uael-nav-menu__breakpoint-none uael-submenu-open-hover uael-submenu-icon-arrow uael-submenu-animation-none uael-link-redirect-child elementor-widget elementor-widget-uael-nav-menu\" data-id=\"706e5f3\" data-element_type=\"widget\" data-e-type=\"widget\" data-settings=\"{&quot;distance_from_menu&quot;:{&quot;unit&quot;:&quot;px&quot;,&quot;size&quot;:&quot;&quot;,&quot;sizes&quot;:[]},&quot;distance_from_menu_tablet&quot;:{&quot;unit&quot;:&quot;px&quot;,&quot;size&quot;:&quot;&quot;,&quot;sizes&quot;:[]},&quot;distance_from_menu_mobile&quot;:{&quot;unit&quot;:&quot;px&quot;,&quot;size&quot;:&quot;&quot;,&quot;sizes&quot;:[]}}\" data-widget_type=\"uael-nav-menu.default\">\n\t\t\t\t\t\t<div class=\"elementor-widget-container\">\n\t\t\t\t\t\t\t<div class=\"uael-nav-menu uael-layout-horizontal uael-nav-menu-layout uael-pointer__double-line uael-animation__fade\" data-layout=\"horizontal\">\n\t\t\t\t<div role=\"button\" class=\"uael-nav-menu__toggle elementor-clickable\">\n\t\t\t\t\t<span class=\"screen-reader-text\">Main Menu<\/span>\n\t\t\t\t\t<div class=\"uael-nav-menu-icon\">\n\t\t\t\t\t\t\t\t\t\t\t<\/div>\n\t\t\t\t\t\t\t\t\t<\/div>\n\t\t\t\t\t\t\t<nav class=\"uael-nav-menu__layout-horizontal uael-nav-menu__submenu-arrow\" data-toggle-icon=\"\" data-close-icon=\"\" data-full-width=\"\"><ul id=\"menu-1-706e5f3\" class=\"uael-nav-menu\"><li id=\"menu-item-6313\" class=\"menu-item menu-item-type-post_type menu-item-object-page parent uael-creative-menu\"><a href=\"https:\/\/gcskin.com\/about\/resources\/intake\/\" class = \"uael-menu-item\">Forma de Registro<\/a><\/li>\n<li id=\"menu-item-6349\" class=\"menu-item menu-item-type-post_type menu-item-object-page parent uael-creative-menu\"><a href=\"https:\/\/gcskin.com\/about\/resources\/handouts\/\" class = \"uael-menu-item\">Instrucciones para antes y despu\u00e9s<\/a><\/li>\n<li id=\"menu-item-6346\" class=\"menu-item menu-item-type-post_type menu-item-object-page parent uael-creative-menu\"><a href=\"https:\/\/gcskin.com\/about\/resources\/membership\/\" class = \"uael-menu-item\">Membres\u00eda<\/a><\/li>\n<li id=\"menu-item-6345\" class=\"menu-item menu-item-type-post_type menu-item-object-page parent uael-creative-menu\"><a href=\"https:\/\/gcskin.com\/about\/resources\/financing\/\" class = \"uael-menu-item\">Financiamiento<\/a><\/li>\n<li id=\"menu-item-6348\" class=\"menu-item menu-item-type-post_type menu-item-object-page parent uael-creative-menu\"><a href=\"https:\/\/gcskin.com\/about\/resources\/terms-of-service\/\" class = \"uael-menu-item\">Acuerdo de servicio<\/a><\/li>\n<li id=\"menu-item-6350\" class=\"menu-item menu-item-type-post_type menu-item-object-page parent uael-creative-menu\"><a href=\"https:\/\/gcskin.com\/about\/resources\/privacy-policy\/\" class = \"uael-menu-item\">Pol\u00edtica de privacidad<\/a><\/li>\n<li id=\"menu-item-6347\" class=\"menu-item menu-item-type-post_type menu-item-object-page parent uael-creative-menu\"><a href=\"https:\/\/gcskin.com\/about\/resources\/sitemap\/\" class = \"uael-menu-item\">Mapa del sitio<\/a><\/li>\n<\/ul><\/nav>\n\t\t\t\t\t<\/div>\n\t\t\t\t\t\t\t<\/div>\n\t\t\t\t<\/div>\n\t\t\t\t\t<\/div>\n\t\t<\/div>\n\t\t\t\t\t<\/div>\n\t\t<\/section>\n\t\t\t\t<section class=\"elementor-section elementor-top-section elementor-element elementor-element-286f74a elementor-section-full_width elementor-section-height-default elementor-section-height-default\" data-id=\"286f74a\" data-element_type=\"section\" data-e-type=\"section\" data-settings=\"{&quot;background_background&quot;:&quot;classic&quot;}\">\n\t\t\t\t\t\t<div class=\"elementor-container elementor-column-gap-no\">\n\t\t\t\t\t<div class=\"elementor-column elementor-col-100 elementor-top-column elementor-element elementor-element-38ea53b\" data-id=\"38ea53b\" data-element_type=\"column\" data-e-type=\"column\">\n\t\t\t<div class=\"elementor-widget-wrap elementor-element-populated\">\n\t\t\t\t\t\t<div class=\"elementor-element elementor-element-c4e7b14 elementor-cta--skin-classic elementor-animated-content elementor-bg-transform elementor-bg-transform-zoom-in elementor-widget elementor-widget-call-to-action\" data-id=\"c4e7b14\" data-element_type=\"widget\" data-e-type=\"widget\" data-widget_type=\"call-to-action.default\">\n\t\t\t\t\t\t\t\t\t<a class=\"elementor-cta\" href=\"tel:+18184589556\">\n\t\t\t\t\t\t\t<div class=\"elementor-cta__content\">\n\t\t\t\t\n\t\t\t\t\n\t\t\t\t\t\t\t\t\t<div class=\"elementor-cta__description elementor-cta__content-item elementor-content-item\">\n\t\t\t\t\t\t<p>Si necesita alojamiento para un d\u00eda u hora diferentes, llame a nuestra oficina para que podamos ayudarle a concertar una hora que le resulte m\u00e1s conveniente.<\/p>\n\t\t\t\t\t<\/div>\n\t\t\t\t\n\t\t\t\t\t\t\t\t\t<div class=\"elementor-cta__button-wrapper elementor-cta__content-item elementor-content-item \">\n\t\t\t\t\t<span class=\"elementor-cta__button elementor-button elementor-size-\">\n\t\t\t\t\t\tLLAME AL (818) 458-9556\t\t\t\t\t<\/span>\n\t\t\t\t\t<\/div>\n\t\t\t\t\t\t\t<\/div>\n\t\t\t\t\t\t<\/a>\n\t\t\t\t\t\t<\/div>\n\t\t\t\t\t<\/div>\n\t\t<\/div>\n\t\t\t\t\t<\/div>\n\t\t<\/section>\n\t\t\t\t<\/div>\n\t\t","protected":false},"excerpt":{"rendered":"<p>Acuerdo de servicio llame al (818) 458-9556 POL\u00cdTICA DE CANCELACI\u00d3N: Requerimos que las cancelaciones se realicen con al menos 24 horas de antelaci\u00f3n a la hora de su cita programada. Somos conscientes de que las emergencias ocurren; sin embargo, debemos cubrir nuestros gastos. Habr\u00e1 un cargo de $50 por cancelaciones con menos de 24 horas [&hellip;]<\/p>\n","protected":false},"author":8779,"featured_media":7055,"parent":7153,"menu_order":4,"comment_status":"closed","ping_status":"closed","template":"","meta":{"site-sidebar-layout":"no-sidebar","site-content-layout":"page-builder","ast-site-content-layout":"default","site-content-style":"default","site-sidebar-style":"default","ast-global-header-display":"","ast-banner-title-visibility":"","ast-main-header-display":"","ast-hfb-above-header-display":"","ast-hfb-below-header-display":"","ast-hfb-mobile-header-display":"","site-post-title":"disabled","ast-breadcrumbs-content":null,"ast-featured-img":"disabled","footer-sml-layout":"","ast-disable-related-posts":"","theme-transparent-header-meta":"enabled","adv-header-id-meta":"","stick-header-meta":"","header-above-stick-meta":null,"header-main-stick-meta":"","header-below-stick-meta":"","astra-migrate-meta-layouts":"default","ast-page-background-enabled":"default","ast-page-background-meta":{"desktop":{"background-color":"","background-image":"","background-repeat":"repeat","background-position":"center center","background-size":"auto","background-attachment":"scroll","background-type":"","background-media":"","overlay-type":"","overlay-color":"","overlay-opacity":"","overlay-gradient":""},"tablet":{"background-color":"","background-image":"","background-repeat":"repeat","background-position":"center center","background-size":"auto","background-attachment":"scroll","background-type":"","background-media":"","overlay-type":"","overlay-color":"","overlay-opacity":"","overlay-gradient":""},"mobile":{"background-color":"","background-image":"","background-repeat":"repeat","background-position":"center center","background-size":"auto","background-attachment":"scroll","background-type":"","background-media":"","overlay-type":"","overlay-color":"","overlay-opacity":"","overlay-gradient":""}},"ast-content-background-meta":{"desktop":{"background-color":"var(--ast-global-color-5)","background-image":"","background-repeat":"repeat","background-position":"center center","background-size":"auto","background-attachment":"scroll","background-type":"","background-media":"","overlay-type":"","overlay-color":"","overlay-opacity":"","overlay-gradient":""},"tablet":{"background-color":"var(--ast-global-color-5)","background-image":"","background-repeat":"repeat","background-position":"center center","background-size":"auto","background-attachment":"scroll","background-type":"","background-media":"","overlay-type":"","overlay-color":"","overlay-opacity":"","overlay-gradient":""},"mobile":{"background-color":"var(--ast-global-color-5)","background-image":"","background-repeat":"repeat","background-position":"center center","background-size":"auto","background-attachment":"scroll","background-type":"","background-media":"","overlay-type":"","overlay-color":"","overlay-opacity":"","overlay-gradient":""}},"footnotes":""},"class_list":["post-7226","page","type-page","status-publish","has-post-thumbnail","hentry"],"yoast_head":"<!-- This site is optimized with the Yoast SEO Premium plugin v27.3 (Yoast SEO v27.3) - https:\/\/yoast.com\/product\/yoast-seo-premium-wordpress\/ -->\n<title>Acuerdo de servicio - GC Skin Medspa<\/title>\n<meta name=\"robots\" content=\"index, follow, max-snippet:-1, max-image-preview:large, max-video-preview:-1\" \/>\n<link rel=\"canonical\" href=\"https:\/\/gcskin.com\/es\/acerca-de\/recursos\/condiciones-de-servicio\/\" \/>\n<meta property=\"og:locale\" content=\"es_ES\" \/>\n<meta property=\"og:type\" content=\"article\" \/>\n<meta property=\"og:title\" content=\"Acuerdo de servicio\" \/>\n<meta property=\"og:description\" content=\"Acuerdo de servicio llame al (818) 458-9556 POL\u00cdTICA DE CANCELACI\u00d3N: Requerimos que las cancelaciones se realicen con al menos 24 horas de antelaci\u00f3n a la hora de su cita programada. Somos conscientes de que las emergencias ocurren; sin embargo, debemos cubrir nuestros gastos. Habr\u00e1 un cargo de $50 por cancelaciones con menos de 24 horas [&hellip;]\" \/>\n<meta property=\"og:url\" content=\"https:\/\/gcskin.com\/es\/acerca-de\/recursos\/condiciones-de-servicio\/\" \/>\n<meta property=\"og:site_name\" content=\"GC Skin Medspa\" \/>\n<meta property=\"article:publisher\" content=\"https:\/\/www.facebook.com\/gcskin\" \/>\n<meta property=\"article:modified_time\" content=\"2023-02-16T13:37:33+00:00\" \/>\n<meta property=\"og:image\" content=\"https:\/\/gcskin.com\/wp-content\/uploads\/2023\/01\/GCSkin-Medspa-Resources.webp\" \/>\n\t<meta property=\"og:image:width\" content=\"2400\" \/>\n\t<meta property=\"og:image:height\" content=\"1256\" \/>\n\t<meta property=\"og:image:type\" content=\"image\/webp\" \/>\n<meta name=\"twitter:card\" content=\"summary_large_image\" \/>\n<meta name=\"twitter:label1\" content=\"Tiempo de lectura\" \/>\n\t<meta name=\"twitter:data1\" content=\"2 minutos\" \/>\n<script type=\"application\/ld+json\" class=\"yoast-schema-graph\">{\"@context\":\"https:\\\/\\\/schema.org\",\"@graph\":[{\"@type\":\"WebPage\",\"@id\":\"https:\\\/\\\/gcskin.com\\\/es\\\/acerca-de\\\/recursos\\\/condiciones-de-servicio\\\/\",\"url\":\"https:\\\/\\\/gcskin.com\\\/es\\\/acerca-de\\\/recursos\\\/condiciones-de-servicio\\\/\",\"name\":\"Acuerdo de servicio - GC Skin Medspa\",\"isPartOf\":{\"@id\":\"https:\\\/\\\/gcskin.com\\\/es\\\/#website\"},\"primaryImageOfPage\":{\"@id\":\"https:\\\/\\\/gcskin.com\\\/es\\\/acerca-de\\\/recursos\\\/condiciones-de-servicio\\\/#primaryimage\"},\"image\":{\"@id\":\"https:\\\/\\\/gcskin.com\\\/es\\\/acerca-de\\\/recursos\\\/condiciones-de-servicio\\\/#primaryimage\"},\"thumbnailUrl\":\"https:\\\/\\\/gcskin.com\\\/wp-content\\\/uploads\\\/2023\\\/01\\\/GCSkin-Medspa-Resources.webp\",\"datePublished\":\"2023-01-14T06:37:47+00:00\",\"dateModified\":\"2023-02-16T13:37:33+00:00\",\"breadcrumb\":{\"@id\":\"https:\\\/\\\/gcskin.com\\\/es\\\/acerca-de\\\/recursos\\\/condiciones-de-servicio\\\/#breadcrumb\"},\"inLanguage\":\"es\",\"potentialAction\":[{\"@type\":\"ReadAction\",\"target\":[\"https:\\\/\\\/gcskin.com\\\/es\\\/acerca-de\\\/recursos\\\/condiciones-de-servicio\\\/\"]}]},{\"@type\":\"ImageObject\",\"inLanguage\":\"es\",\"@id\":\"https:\\\/\\\/gcskin.com\\\/es\\\/acerca-de\\\/recursos\\\/condiciones-de-servicio\\\/#primaryimage\",\"url\":\"https:\\\/\\\/gcskin.com\\\/wp-content\\\/uploads\\\/2023\\\/01\\\/GCSkin-Medspa-Resources.webp\",\"contentUrl\":\"https:\\\/\\\/gcskin.com\\\/wp-content\\\/uploads\\\/2023\\\/01\\\/GCSkin-Medspa-Resources.webp\",\"width\":2400,\"height\":1256,\"caption\":\"Recursos de GCSkin Medspa\"},{\"@type\":\"BreadcrumbList\",\"@id\":\"https:\\\/\\\/gcskin.com\\\/es\\\/acerca-de\\\/recursos\\\/condiciones-de-servicio\\\/#breadcrumb\",\"itemListElement\":[{\"@type\":\"ListItem\",\"position\":1,\"name\":\"Home\",\"item\":\"https:\\\/\\\/gcskin.com\\\/es\\\/gc-skin-medspa\\\/\"},{\"@type\":\"ListItem\",\"position\":2,\"name\":\"Nosotros\",\"item\":\"https:\\\/\\\/gcskin.com\\\/es\\\/acerca-de\\\/\"},{\"@type\":\"ListItem\",\"position\":3,\"name\":\"Recursos\",\"item\":\"https:\\\/\\\/gcskin.com\\\/es\\\/acerca-de\\\/recursos\\\/\"},{\"@type\":\"ListItem\",\"position\":4,\"name\":\"Acuerdo de servicio\"}]},{\"@type\":\"WebSite\",\"@id\":\"https:\\\/\\\/gcskin.com\\\/es\\\/#website\",\"url\":\"https:\\\/\\\/gcskin.com\\\/es\\\/\",\"name\":\"GC Skin Medspa\",\"description\":\"Best non-invasive cosmetic procedures in Sherman Oaks California\",\"publisher\":{\"@id\":\"https:\\\/\\\/gcskin.com\\\/es\\\/#organization\"},\"potentialAction\":[{\"@type\":\"SearchAction\",\"target\":{\"@type\":\"EntryPoint\",\"urlTemplate\":\"https:\\\/\\\/gcskin.com\\\/es\\\/?s={search_term_string}\"},\"query-input\":{\"@type\":\"PropertyValueSpecification\",\"valueRequired\":true,\"valueName\":\"search_term_string\"}}],\"inLanguage\":\"es\"},{\"@type\":\"Organization\",\"@id\":\"https:\\\/\\\/gcskin.com\\\/es\\\/#organization\",\"name\":\"GC Skin\",\"url\":\"https:\\\/\\\/gcskin.com\\\/es\\\/\",\"logo\":{\"@type\":\"ImageObject\",\"inLanguage\":\"es\",\"@id\":\"https:\\\/\\\/gcskin.com\\\/es\\\/#\\\/schema\\\/logo\\\/image\\\/\",\"url\":\"https:\\\/\\\/gcskin.com\\\/wp-content\\\/uploads\\\/2022\\\/05\\\/cropped-GCSkin-Medspa-logo.png\",\"contentUrl\":\"https:\\\/\\\/gcskin.com\\\/wp-content\\\/uploads\\\/2022\\\/05\\\/cropped-GCSkin-Medspa-logo.png\",\"width\":320,\"height\":106,\"caption\":\"GC Skin\"},\"image\":{\"@id\":\"https:\\\/\\\/gcskin.com\\\/es\\\/#\\\/schema\\\/logo\\\/image\\\/\"},\"sameAs\":[\"https:\\\/\\\/www.facebook.com\\\/gcskin\",\"https:\\\/\\\/www.instagram.com\\\/gc_skin\\\/\"]}]}<\/script>\n<!-- \/ Yoast SEO Premium plugin. -->","yoast_head_json":{"title":"Acuerdo de servicio - GC Skin Medspa","robots":{"index":"index","follow":"follow","max-snippet":"max-snippet:-1","max-image-preview":"max-image-preview:large","max-video-preview":"max-video-preview:-1"},"canonical":"https:\/\/gcskin.com\/es\/acerca-de\/recursos\/condiciones-de-servicio\/","og_locale":"es_ES","og_type":"article","og_title":"Acuerdo de servicio","og_description":"Acuerdo de servicio llame al (818) 458-9556 POL\u00cdTICA DE CANCELACI\u00d3N: Requerimos que las cancelaciones se realicen con al menos 24 horas de antelaci\u00f3n a la hora de su cita programada. Somos conscientes de que las emergencias ocurren; sin embargo, debemos cubrir nuestros gastos. Habr\u00e1 un cargo de $50 por cancelaciones con menos de 24 horas [&hellip;]","og_url":"https:\/\/gcskin.com\/es\/acerca-de\/recursos\/condiciones-de-servicio\/","og_site_name":"GC Skin Medspa","article_publisher":"https:\/\/www.facebook.com\/gcskin","article_modified_time":"2023-02-16T13:37:33+00:00","og_image":[{"width":2400,"height":1256,"url":"https:\/\/gcskin.com\/wp-content\/uploads\/2023\/01\/GCSkin-Medspa-Resources.webp","type":"image\/webp"}],"twitter_card":"summary_large_image","twitter_misc":{"Tiempo de lectura":"2 minutos"},"schema":{"@context":"https:\/\/schema.org","@graph":[{"@type":"WebPage","@id":"https:\/\/gcskin.com\/es\/acerca-de\/recursos\/condiciones-de-servicio\/","url":"https:\/\/gcskin.com\/es\/acerca-de\/recursos\/condiciones-de-servicio\/","name":"Acuerdo de servicio - GC Skin Medspa","isPartOf":{"@id":"https:\/\/gcskin.com\/es\/#website"},"primaryImageOfPage":{"@id":"https:\/\/gcskin.com\/es\/acerca-de\/recursos\/condiciones-de-servicio\/#primaryimage"},"image":{"@id":"https:\/\/gcskin.com\/es\/acerca-de\/recursos\/condiciones-de-servicio\/#primaryimage"},"thumbnailUrl":"https:\/\/gcskin.com\/wp-content\/uploads\/2023\/01\/GCSkin-Medspa-Resources.webp","datePublished":"2023-01-14T06:37:47+00:00","dateModified":"2023-02-16T13:37:33+00:00","breadcrumb":{"@id":"https:\/\/gcskin.com\/es\/acerca-de\/recursos\/condiciones-de-servicio\/#breadcrumb"},"inLanguage":"es","potentialAction":[{"@type":"ReadAction","target":["https:\/\/gcskin.com\/es\/acerca-de\/recursos\/condiciones-de-servicio\/"]}]},{"@type":"ImageObject","inLanguage":"es","@id":"https:\/\/gcskin.com\/es\/acerca-de\/recursos\/condiciones-de-servicio\/#primaryimage","url":"https:\/\/gcskin.com\/wp-content\/uploads\/2023\/01\/GCSkin-Medspa-Resources.webp","contentUrl":"https:\/\/gcskin.com\/wp-content\/uploads\/2023\/01\/GCSkin-Medspa-Resources.webp","width":2400,"height":1256,"caption":"Recursos de GCSkin Medspa"},{"@type":"BreadcrumbList","@id":"https:\/\/gcskin.com\/es\/acerca-de\/recursos\/condiciones-de-servicio\/#breadcrumb","itemListElement":[{"@type":"ListItem","position":1,"name":"Home","item":"https:\/\/gcskin.com\/es\/gc-skin-medspa\/"},{"@type":"ListItem","position":2,"name":"Nosotros","item":"https:\/\/gcskin.com\/es\/acerca-de\/"},{"@type":"ListItem","position":3,"name":"Recursos","item":"https:\/\/gcskin.com\/es\/acerca-de\/recursos\/"},{"@type":"ListItem","position":4,"name":"Acuerdo de servicio"}]},{"@type":"WebSite","@id":"https:\/\/gcskin.com\/es\/#website","url":"https:\/\/gcskin.com\/es\/","name":"GC Skin Medspa","description":"Best non-invasive cosmetic procedures in Sherman Oaks California","publisher":{"@id":"https:\/\/gcskin.com\/es\/#organization"},"potentialAction":[{"@type":"SearchAction","target":{"@type":"EntryPoint","urlTemplate":"https:\/\/gcskin.com\/es\/?s={search_term_string}"},"query-input":{"@type":"PropertyValueSpecification","valueRequired":true,"valueName":"search_term_string"}}],"inLanguage":"es"},{"@type":"Organization","@id":"https:\/\/gcskin.com\/es\/#organization","name":"GC Skin","url":"https:\/\/gcskin.com\/es\/","logo":{"@type":"ImageObject","inLanguage":"es","@id":"https:\/\/gcskin.com\/es\/#\/schema\/logo\/image\/","url":"https:\/\/gcskin.com\/wp-content\/uploads\/2022\/05\/cropped-GCSkin-Medspa-logo.png","contentUrl":"https:\/\/gcskin.com\/wp-content\/uploads\/2022\/05\/cropped-GCSkin-Medspa-logo.png","width":320,"height":106,"caption":"GC Skin"},"image":{"@id":"https:\/\/gcskin.com\/es\/#\/schema\/logo\/image\/"},"sameAs":["https:\/\/www.facebook.com\/gcskin","https:\/\/www.instagram.com\/gc_skin\/"]}]}},"_links":{"self":[{"href":"https:\/\/gcskin.com\/es\/wp-json\/wp\/v2\/pages\/7226","targetHints":{"allow":["GET"]}}],"collection":[{"href":"https:\/\/gcskin.com\/es\/wp-json\/wp\/v2\/pages"}],"about":[{"href":"https:\/\/gcskin.com\/es\/wp-json\/wp\/v2\/types\/page"}],"author":[{"embeddable":true,"href":"https:\/\/gcskin.com\/es\/wp-json\/wp\/v2\/users\/8779"}],"replies":[{"embeddable":true,"href":"https:\/\/gcskin.com\/es\/wp-json\/wp\/v2\/comments?post=7226"}],"version-history":[{"count":0,"href":"https:\/\/gcskin.com\/es\/wp-json\/wp\/v2\/pages\/7226\/revisions"}],"up":[{"embeddable":true,"href":"https:\/\/gcskin.com\/es\/wp-json\/wp\/v2\/pages\/7153"}],"wp:featuredmedia":[{"embeddable":true,"href":"https:\/\/gcskin.com\/es\/wp-json\/wp\/v2\/media\/7055"}],"wp:attachment":[{"href":"https:\/\/gcskin.com\/es\/wp-json\/wp\/v2\/media?parent=7226"}],"curies":[{"name":"wp","href":"https:\/\/api.w.org\/{rel}","templated":true}]}}